{"id":64,"date":"2025-06-30T16:19:51","date_gmt":"2025-06-30T16:19:51","guid":{"rendered":"https:\/\/nuneshenriques.com\/?page_id=64"},"modified":"2025-07-27T21:58:28","modified_gmt":"2025-07-27T21:58:28","slug":"sobre-mim","status":"publish","type":"page","link":"https:\/\/nuneshenriques.com\/?page_id=64","title":{"rendered":"Sobre mim"},"content":{"rendered":"\t\t<div data-elementor-type=\"wp-page\" data-elementor-id=\"64\" class=\"elementor elementor-64\">\n\t\t\t\t<div class=\"elementor-element elementor-element-48f2c032 e-flex e-con-boxed e-con e-parent\" data-id=\"48f2c032\" data-element_type=\"container\" data-e-type=\"container\">\n\t\t\t\t\t<div class=\"e-con-inner\">\n\t\t\t\t<div class=\"elementor-element elementor-element-d96e761 elementor-widget elementor-widget-spacer\" data-id=\"d96e761\" data-element_type=\"widget\" data-e-type=\"widget\" data-widget_type=\"spacer.default\">\n\t\t\t\t<div class=\"elementor-widget-container\">\n\t\t\t\t\t\t\t<div class=\"elementor-spacer\">\n\t\t\t<div class=\"elementor-spacer-inner\"><\/div>\n\t\t<\/div>\n\t\t\t\t\t\t<\/div>\n\t\t\t\t<\/div>\n\t\t\t\t<div class=\"elementor-element elementor-element-c0ccfa6 elementor-widget elementor-widget-heading\" data-id=\"c0ccfa6\" data-element_type=\"widget\" data-e-type=\"widget\" data-widget_type=\"heading.default\">\n\t\t\t\t<div class=\"elementor-widget-container\">\n\t\t\t\t\t<h1 class=\"elementor-heading-title elementor-size-default\">Sobre mim<\/h1>\t\t\t\t<\/div>\n\t\t\t\t<\/div>\n\t\t\t\t\t<\/div>\n\t\t\t\t<\/div>\n\t\t<div class=\"elementor-element elementor-element-0fc7658 e-flex e-con-boxed e-con e-parent\" data-id=\"0fc7658\" data-element_type=\"container\" data-e-type=\"container\">\n\t\t\t\t\t<div class=\"e-con-inner\">\n\t\t<div class=\"elementor-element elementor-element-103d835 e-con-full e-flex e-con e-child\" data-id=\"103d835\" data-element_type=\"container\" data-e-type=\"container\">\n\t\t\t\t<div class=\"elementor-element elementor-element-fcb6231 elementor-widget__width-inherit elementor-widget elementor-widget-text-editor\" data-id=\"fcb6231\" data-element_type=\"widget\" data-e-type=\"widget\" data-widget_type=\"text-editor.default\">\n\t\t\t\t<div class=\"elementor-widget-container\">\n\t\t\t\t\t\t\t\t\t<p>Sou o <strong>Paulo Alexandre Nunes Henriques<\/strong>, nascido em Lisboa a 11 de agosto de 1971, e dedico a minha vida ao futebol \u2014 n\u00e3o apenas como um jogo, mas como ferramenta de forma\u00e7\u00e3o, crescimento humano e constru\u00e7\u00e3o de valores.<\/p>\n<p><!-- \/wp:paragraph --><!-- wp:paragraph --><\/p>\n<p>Ao longo de uma carreira internacional, atuei como treinador e coordenador t\u00e9cnico em clubes como o <strong>Sporting Clube de Portugal<\/strong>, <strong>Al-Hilal<\/strong>, <strong>Shandong Luneng<\/strong> e <strong>Al-Ahli<\/strong>, acumulando uma vasta experi\u00eancia multicultural e formativa. A minha especialidade \u00e9 o trabalho com jovens atletas e equipas em desenvolvimento, tanto no campo como na estrutura t\u00e9cnica.<\/p>\n<p><!-- \/wp:paragraph --><!-- wp:paragraph --><\/p>\n<p>Sou licenciado em <strong>Ci\u00eancias do Desporto<\/strong> pela Universidade Lus\u00f3fona e mestre em <strong>Treino Desportivo<\/strong> pela Escola Superior de Desporto de Rio Maior, do Instituto Polit\u00e9cnico de Santar\u00e9m. Possuo a <strong>Licen\u00e7a UEFA Pro<\/strong> e conclu\u00ed o <strong>Curso de Dire\u00e7\u00e3o T\u00e9cnica de Clubes<\/strong>, o que refor\u00e7a a minha prepara\u00e7\u00e3o para liderar e organizar projetos desportivos com vis\u00e3o e responsabilidade.<\/p>\n<p><!-- \/wp:paragraph --><!-- wp:paragraph --><\/p>\n<p>Mais do que os aspetos t\u00e1ticos e f\u00edsicos do treino, valorizo profundamente a <strong>liga\u00e7\u00e3o humana entre treinador e jogador<\/strong>. Acredito que, sobretudo com jovens jogadores, o mais importante \u00e9 <strong>ajudar a criar bases s\u00f3lidas para a vida<\/strong> \u2014 e n\u00e3o apenas para o futebol. Respeito, empatia, disciplina e pensamento cr\u00edtico s\u00e3o pilares que cultivo nos atletas com quem trabalho, pois sei que s\u00e3o t\u00e3o ou mais importantes do que a t\u00e9cnica ou o resultado.<\/p>\n<p><!-- \/wp:paragraph --><!-- wp:paragraph --><\/p>\n<p>Defendo uma abordagem cient\u00edfica, \u00e9tica e pedag\u00f3gica ao treino, com foco no desenvolvimento integral do atleta. O meu compromisso vai al\u00e9m das quatro linhas \u2014 quero <b>formar pessoas com identidade, car\u00e1ter e paix\u00e3o<\/b>.<\/p>\n<p><!-- \/wp:paragraph --><!-- wp:paragraph --><\/p>\n<p>Mais do que t\u00edtulos, valorizo os <b>percursos<\/b>. E \u00e9 nesse caminho, entre o conhecimento, a pr\u00e1tica e a rela\u00e7\u00e3o com o outro, que continuo a evoluir.<\/p>\n<p><!-- \/wp:paragraph --><\/p>\t\t\t\t\t\t\t\t<\/div>\n\t\t\t\t<\/div>\n\t\t\t\t<\/div>\n\t\t<div class=\"elementor-element elementor-element-a745657 e-con-full e-flex e-con e-child\" data-id=\"a745657\" data-element_type=\"container\" data-e-type=\"container\">\n\t\t\t\t<div class=\"elementor-element elementor-element-49d660b elementor-widget elementor-widget-spacer\" data-id=\"49d660b\" data-element_type=\"widget\" data-e-type=\"widget\" data-widget_type=\"spacer.default\">\n\t\t\t\t<div class=\"elementor-widget-container\">\n\t\t\t\t\t\t\t<div class=\"elementor-spacer\">\n\t\t\t<div class=\"elementor-spacer-inner\"><\/div>\n\t\t<\/div>\n\t\t\t\t\t\t<\/div>\n\t\t\t\t<\/div>\n\t\t\t\t<div class=\"elementor-element elementor-element-850a5dd elementor-widget elementor-widget-image\" data-id=\"850a5dd\" data-element_type=\"widget\" data-e-type=\"widget\" data-widget_type=\"image.default\">\n\t\t\t\t<div class=\"elementor-widget-container\">\n\t\t\t\t\t\t\t\t\t\t\t\t<figure class=\"wp-caption\">\n\t\t\t\t\t\t\t\t\t\t<img fetchpriority=\"high\" decoding=\"async\" width=\"800\" height=\"640\" src=\"https:\/\/nuneshenriques.com\/wp-content\/uploads\/2025\/06\/image00031-1024x819.jpeg\" class=\"attachment-large size-large wp-image-23\" alt=\"\" srcset=\"https:\/\/nuneshenriques.com\/wp-content\/uploads\/2025\/06\/image00031-1024x819.jpeg 1024w, https:\/\/nuneshenriques.com\/wp-content\/uploads\/2025\/06\/image00031-300x240.jpeg 300w, https:\/\/nuneshenriques.com\/wp-content\/uploads\/2025\/06\/image00031-768x614.jpeg 768w, https:\/\/nuneshenriques.com\/wp-content\/uploads\/2025\/06\/image00031-1536x1229.jpeg 1536w, https:\/\/nuneshenriques.com\/wp-content\/uploads\/2025\/06\/image00031-2048x1638.jpeg 2048w\" sizes=\"(max-width: 800px) 100vw, 800px\" \/>\t\t\t\t\t\t\t\t\t\t\t<figcaption class=\"widget-image-caption wp-caption-text\">Mr. Paulo e Mr. Mohammad Al Shalhoub<\/figcaption>\n\t\t\t\t\t\t\t\t\t\t<\/figure>\n\t\t\t\t\t\t\t\t\t<\/div>\n\t\t\t\t<\/div>\n\t\t\t\t<div class=\"elementor-element elementor-element-b27736d elementor-widget elementor-widget-image\" data-id=\"b27736d\" data-element_type=\"widget\" data-e-type=\"widget\" data-widget_type=\"image.default\">\n\t\t\t\t<div class=\"elementor-widget-container\">\n\t\t\t\t\t\t\t\t\t\t\t\t<figure class=\"wp-caption\">\n\t\t\t\t\t\t\t\t\t\t<img decoding=\"async\" width=\"800\" height=\"672\" src=\"https:\/\/nuneshenriques.com\/wp-content\/uploads\/2025\/06\/WhatsApp-Image-2025-06-10-at-1.06.16-PM-1024x860.jpeg\" class=\"attachment-large size-large wp-image-38\" alt=\"\" srcset=\"https:\/\/nuneshenriques.com\/wp-content\/uploads\/2025\/06\/WhatsApp-Image-2025-06-10-at-1.06.16-PM-1024x860.jpeg 1024w, https:\/\/nuneshenriques.com\/wp-content\/uploads\/2025\/06\/WhatsApp-Image-2025-06-10-at-1.06.16-PM-300x252.jpeg 300w, https:\/\/nuneshenriques.com\/wp-content\/uploads\/2025\/06\/WhatsApp-Image-2025-06-10-at-1.06.16-PM-768x645.jpeg 768w, https:\/\/nuneshenriques.com\/wp-content\/uploads\/2025\/06\/WhatsApp-Image-2025-06-10-at-1.06.16-PM.jpeg 1276w\" sizes=\"(max-width: 800px) 100vw, 800px\" \/>\t\t\t\t\t\t\t\t\t\t\t<figcaption class=\"widget-image-caption wp-caption-text\">Equipa T\u00e9cnica do Al-Hilal 2024\/25<\/figcaption>\n\t\t\t\t\t\t\t\t\t\t<\/figure>\n\t\t\t\t\t\t\t\t\t<\/div>\n\t\t\t\t<\/div>\n\t\t\t\t<div class=\"elementor-element elementor-element-0bf1a7f elementor-widget elementor-widget-image\" data-id=\"0bf1a7f\" data-element_type=\"widget\" data-e-type=\"widget\" data-widget_type=\"image.default\">\n\t\t\t\t<div class=\"elementor-widget-container\">\n\t\t\t\t\t\t\t\t\t\t\t\t<figure class=\"wp-caption\">\n\t\t\t\t\t\t\t\t\t\t<img decoding=\"async\" width=\"800\" height=\"450\" src=\"https:\/\/nuneshenriques.com\/wp-content\/uploads\/2025\/07\/74914164_2613504818688760_4311706557374005248_n.jpg\" class=\"attachment-large size-large wp-image-563\" alt=\"\" srcset=\"https:\/\/nuneshenriques.com\/wp-content\/uploads\/2025\/07\/74914164_2613504818688760_4311706557374005248_n.jpg 960w, https:\/\/nuneshenriques.com\/wp-content\/uploads\/2025\/07\/74914164_2613504818688760_4311706557374005248_n-300x169.jpg 300w, https:\/\/nuneshenriques.com\/wp-content\/uploads\/2025\/07\/74914164_2613504818688760_4311706557374005248_n-768x432.jpg 768w\" sizes=\"(max-width: 800px) 100vw, 800px\" \/>\t\t\t\t\t\t\t\t\t\t\t<figcaption class=\"widget-image-caption wp-caption-text\">Shandong v Wolverhampton, Weifang Cup 2019<\/figcaption>\n\t\t\t\t\t\t\t\t\t\t<\/figure>\n\t\t\t\t\t\t\t\t\t<\/div>\n\t\t\t\t<\/div>\n\t\t\t\t<div class=\"elementor-element elementor-element-fb70c40 elementor-widget elementor-widget-image\" data-id=\"fb70c40\" data-element_type=\"widget\" data-e-type=\"widget\" data-widget_type=\"image.default\">\n\t\t\t\t<div class=\"elementor-widget-container\">\n\t\t\t\t\t\t\t\t\t\t\t\t<figure class=\"wp-caption\">\n\t\t\t\t\t\t\t\t\t\t<img loading=\"lazy\" decoding=\"async\" width=\"800\" height=\"534\" src=\"https:\/\/nuneshenriques.com\/wp-content\/uploads\/2025\/06\/image00016-1024x683.jpeg\" class=\"attachment-large size-large wp-image-20\" alt=\"\" srcset=\"https:\/\/nuneshenriques.com\/wp-content\/uploads\/2025\/06\/image00016-1024x683.jpeg 1024w, https:\/\/nuneshenriques.com\/wp-content\/uploads\/2025\/06\/image00016-300x200.jpeg 300w, https:\/\/nuneshenriques.com\/wp-content\/uploads\/2025\/06\/image00016-768x512.jpeg 768w, https:\/\/nuneshenriques.com\/wp-content\/uploads\/2025\/06\/image00016-1536x1024.jpeg 1536w, https:\/\/nuneshenriques.com\/wp-content\/uploads\/2025\/06\/image00016-2048x1365.jpeg 2048w\" sizes=\"(max-width: 800px) 100vw, 800px\" \/>\t\t\t\t\t\t\t\t\t\t\t<figcaption class=\"widget-image-caption wp-caption-text\">Al-Hilal 2023\/24<\/figcaption>\n\t\t\t\t\t\t\t\t\t\t<\/figure>\n\t\t\t\t\t\t\t\t\t<\/div>\n\t\t\t\t<\/div>\n\t\t\t\t<\/div>\n\t\t\t\t\t<\/div>\n\t\t\t\t<\/div>\n\t\t\t\t<\/div>\n\t\t","protected":false},"excerpt":{"rendered":"<p>Sobre mim Sou o Paulo Alexandre Nunes Henriques, nascido em Lisboa a 11 de agosto de 1971, e dedico a minha vida ao futebol \u2014 n\u00e3o apenas como um jogo, mas como ferramenta de forma\u00e7\u00e3o, crescimento humano e constru\u00e7\u00e3o de valores. Ao longo de uma carreira internacional, atuei como treinador e coordenador t\u00e9cnico em clubes [&hellip;]<\/p>\n","protected":false},"author":1,"featured_media":0,"parent":0,"menu_order":0,"comment_status":"closed","ping_status":"closed","template":"","meta":{"footnotes":""},"class_list":["post-64","page","type-page","status-publish","hentry"],"yoast_head":"<!-- This site is optimized with the Yoast SEO plugin v27.1.1 - https:\/\/yoast.com\/product\/yoast-seo-wordpress\/ -->\n<title>Sobre mim - Paulo Nunes Henriques<\/title>\n<meta name=\"robots\" content=\"index, follow, max-snippet:-1, max-image-preview:large, max-video-preview:-1\" \/>\n<link rel=\"canonical\" href=\"https:\/\/nuneshenriques.com\/?page_id=64\" \/>\n<meta property=\"og:locale\" content=\"en_US\" \/>\n<meta property=\"og:type\" content=\"article\" \/>\n<meta property=\"og:title\" content=\"Sobre mim - Paulo Nunes Henriques\" \/>\n<meta property=\"og:description\" content=\"Sobre mim Sou o Paulo Alexandre Nunes Henriques, nascido em Lisboa a 11 de agosto de 1971, e dedico a minha vida ao futebol \u2014 n\u00e3o apenas como um jogo, mas como ferramenta de forma\u00e7\u00e3o, crescimento humano e constru\u00e7\u00e3o de valores. Ao longo de uma carreira internacional, atuei como treinador e coordenador t\u00e9cnico em clubes [&hellip;]\" \/>\n<meta property=\"og:url\" content=\"https:\/\/nuneshenriques.com\/?page_id=64\" \/>\n<meta property=\"og:site_name\" content=\"Paulo Nunes Henriques\" \/>\n<meta property=\"article:modified_time\" content=\"2025-07-27T21:58:28+00:00\" \/>\n<meta property=\"og:image\" content=\"https:\/\/nuneshenriques.com\/wp-content\/uploads\/2025\/06\/image00031-scaled.jpeg\" \/>\n\t<meta property=\"og:image:width\" content=\"2560\" \/>\n\t<meta property=\"og:image:height\" content=\"2048\" \/>\n\t<meta property=\"og:image:type\" content=\"image\/jpeg\" \/>\n<meta name=\"twitter:card\" content=\"summary_large_image\" \/>\n<meta name=\"twitter:label1\" content=\"Est. reading time\" \/>\n\t<meta name=\"twitter:data1\" content=\"3 minutes\" \/>\n<script type=\"application\/ld+json\" class=\"yoast-schema-graph\">{\"@context\":\"https:\/\/schema.org\",\"@graph\":[{\"@type\":\"WebPage\",\"@id\":\"https:\/\/nuneshenriques.com\/?page_id=64\",\"url\":\"https:\/\/nuneshenriques.com\/?page_id=64\",\"name\":\"Sobre mim - Paulo Nunes Henriques\",\"isPartOf\":{\"@id\":\"https:\/\/nuneshenriques.com\/#website\"},\"primaryImageOfPage\":{\"@id\":\"https:\/\/nuneshenriques.com\/?page_id=64#primaryimage\"},\"image\":{\"@id\":\"https:\/\/nuneshenriques.com\/?page_id=64#primaryimage\"},\"thumbnailUrl\":\"https:\/\/nuneshenriques.com\/wp-content\/uploads\/2025\/06\/image00031-1024x819.jpeg\",\"datePublished\":\"2025-06-30T16:19:51+00:00\",\"dateModified\":\"2025-07-27T21:58:28+00:00\",\"breadcrumb\":{\"@id\":\"https:\/\/nuneshenriques.com\/?page_id=64#breadcrumb\"},\"inLanguage\":\"en-US\",\"potentialAction\":[{\"@type\":\"ReadAction\",\"target\":[\"https:\/\/nuneshenriques.com\/?page_id=64\"]}]},{\"@type\":\"ImageObject\",\"inLanguage\":\"en-US\",\"@id\":\"https:\/\/nuneshenriques.com\/?page_id=64#primaryimage\",\"url\":\"https:\/\/nuneshenriques.com\/wp-content\/uploads\/2025\/06\/image00031-scaled.jpeg\",\"contentUrl\":\"https:\/\/nuneshenriques.com\/wp-content\/uploads\/2025\/06\/image00031-scaled.jpeg\",\"width\":2560,\"height\":2048},{\"@type\":\"BreadcrumbList\",\"@id\":\"https:\/\/nuneshenriques.com\/?page_id=64#breadcrumb\",\"itemListElement\":[{\"@type\":\"ListItem\",\"position\":1,\"name\":\"In\u00edcio\",\"item\":\"https:\/\/nuneshenriques.com\/\"},{\"@type\":\"ListItem\",\"position\":2,\"name\":\"Sobre mim\"}]},{\"@type\":\"WebSite\",\"@id\":\"https:\/\/nuneshenriques.com\/#website\",\"url\":\"https:\/\/nuneshenriques.com\/\",\"name\":\"Paulo Nunes Henriques\",\"description\":\"\",\"publisher\":{\"@id\":\"https:\/\/nuneshenriques.com\/#organization\"},\"potentialAction\":[{\"@type\":\"SearchAction\",\"target\":{\"@type\":\"EntryPoint\",\"urlTemplate\":\"https:\/\/nuneshenriques.com\/?s={search_term_string}\"},\"query-input\":{\"@type\":\"PropertyValueSpecification\",\"valueRequired\":true,\"valueName\":\"search_term_string\"}}],\"inLanguage\":\"en-US\"},{\"@type\":\"Organization\",\"@id\":\"https:\/\/nuneshenriques.com\/#organization\",\"name\":\"Paulo Nunes Henriques\",\"url\":\"https:\/\/nuneshenriques.com\/\",\"logo\":{\"@type\":\"ImageObject\",\"inLanguage\":\"en-US\",\"@id\":\"https:\/\/nuneshenriques.com\/#\/schema\/logo\/image\/\",\"url\":\"https:\/\/nuneshenriques.com\/wp-content\/uploads\/2025\/06\/Captura-de-ecra-2025-06-30-165710.png\",\"contentUrl\":\"https:\/\/nuneshenriques.com\/wp-content\/uploads\/2025\/06\/Captura-de-ecra-2025-06-30-165710.png\",\"width\":593,\"height\":521,\"caption\":\"Paulo Nunes Henriques\"},\"image\":{\"@id\":\"https:\/\/nuneshenriques.com\/#\/schema\/logo\/image\/\"}}]}<\/script>\n<!-- \/ Yoast SEO plugin. -->","yoast_head_json":{"title":"Sobre mim - Paulo Nunes Henriques","robots":{"index":"index","follow":"follow","max-snippet":"max-snippet:-1","max-image-preview":"max-image-preview:large","max-video-preview":"max-video-preview:-1"},"canonical":"https:\/\/nuneshenriques.com\/?page_id=64","og_locale":"en_US","og_type":"article","og_title":"Sobre mim - Paulo Nunes Henriques","og_description":"Sobre mim Sou o Paulo Alexandre Nunes Henriques, nascido em Lisboa a 11 de agosto de 1971, e dedico a minha vida ao futebol \u2014 n\u00e3o apenas como um jogo, mas como ferramenta de forma\u00e7\u00e3o, crescimento humano e constru\u00e7\u00e3o de valores. Ao longo de uma carreira internacional, atuei como treinador e coordenador t\u00e9cnico em clubes [&hellip;]","og_url":"https:\/\/nuneshenriques.com\/?page_id=64","og_site_name":"Paulo Nunes Henriques","article_modified_time":"2025-07-27T21:58:28+00:00","og_image":[{"width":2560,"height":2048,"url":"https:\/\/nuneshenriques.com\/wp-content\/uploads\/2025\/06\/image00031-scaled.jpeg","type":"image\/jpeg"}],"twitter_card":"summary_large_image","twitter_misc":{"Est. reading time":"3 minutes"},"schema":{"@context":"https:\/\/schema.org","@graph":[{"@type":"WebPage","@id":"https:\/\/nuneshenriques.com\/?page_id=64","url":"https:\/\/nuneshenriques.com\/?page_id=64","name":"Sobre mim - Paulo Nunes Henriques","isPartOf":{"@id":"https:\/\/nuneshenriques.com\/#website"},"primaryImageOfPage":{"@id":"https:\/\/nuneshenriques.com\/?page_id=64#primaryimage"},"image":{"@id":"https:\/\/nuneshenriques.com\/?page_id=64#primaryimage"},"thumbnailUrl":"https:\/\/nuneshenriques.com\/wp-content\/uploads\/2025\/06\/image00031-1024x819.jpeg","datePublished":"2025-06-30T16:19:51+00:00","dateModified":"2025-07-27T21:58:28+00:00","breadcrumb":{"@id":"https:\/\/nuneshenriques.com\/?page_id=64#breadcrumb"},"inLanguage":"en-US","potentialAction":[{"@type":"ReadAction","target":["https:\/\/nuneshenriques.com\/?page_id=64"]}]},{"@type":"ImageObject","inLanguage":"en-US","@id":"https:\/\/nuneshenriques.com\/?page_id=64#primaryimage","url":"https:\/\/nuneshenriques.com\/wp-content\/uploads\/2025\/06\/image00031-scaled.jpeg","contentUrl":"https:\/\/nuneshenriques.com\/wp-content\/uploads\/2025\/06\/image00031-scaled.jpeg","width":2560,"height":2048},{"@type":"BreadcrumbList","@id":"https:\/\/nuneshenriques.com\/?page_id=64#breadcrumb","itemListElement":[{"@type":"ListItem","position":1,"name":"In\u00edcio","item":"https:\/\/nuneshenriques.com\/"},{"@type":"ListItem","position":2,"name":"Sobre mim"}]},{"@type":"WebSite","@id":"https:\/\/nuneshenriques.com\/#website","url":"https:\/\/nuneshenriques.com\/","name":"Paulo Nunes Henriques","description":"","publisher":{"@id":"https:\/\/nuneshenriques.com\/#organization"},"potentialAction":[{"@type":"SearchAction","target":{"@type":"EntryPoint","urlTemplate":"https:\/\/nuneshenriques.com\/?s={search_term_string}"},"query-input":{"@type":"PropertyValueSpecification","valueRequired":true,"valueName":"search_term_string"}}],"inLanguage":"en-US"},{"@type":"Organization","@id":"https:\/\/nuneshenriques.com\/#organization","name":"Paulo Nunes Henriques","url":"https:\/\/nuneshenriques.com\/","logo":{"@type":"ImageObject","inLanguage":"en-US","@id":"https:\/\/nuneshenriques.com\/#\/schema\/logo\/image\/","url":"https:\/\/nuneshenriques.com\/wp-content\/uploads\/2025\/06\/Captura-de-ecra-2025-06-30-165710.png","contentUrl":"https:\/\/nuneshenriques.com\/wp-content\/uploads\/2025\/06\/Captura-de-ecra-2025-06-30-165710.png","width":593,"height":521,"caption":"Paulo Nunes Henriques"},"image":{"@id":"https:\/\/nuneshenriques.com\/#\/schema\/logo\/image\/"}}]}},"_links":{"self":[{"href":"https:\/\/nuneshenriques.com\/index.php?rest_route=\/wp\/v2\/pages\/64","targetHints":{"allow":["GET"]}}],"collection":[{"href":"https:\/\/nuneshenriques.com\/index.php?rest_route=\/wp\/v2\/pages"}],"about":[{"href":"https:\/\/nuneshenriques.com\/index.php?rest_route=\/wp\/v2\/types\/page"}],"author":[{"embeddable":true,"href":"https:\/\/nuneshenriques.com\/index.php?rest_route=\/wp\/v2\/users\/1"}],"replies":[{"embeddable":true,"href":"https:\/\/nuneshenriques.com\/index.php?rest_route=%2Fwp%2Fv2%2Fcomments&post=64"}],"version-history":[{"count":51,"href":"https:\/\/nuneshenriques.com\/index.php?rest_route=\/wp\/v2\/pages\/64\/revisions"}],"predecessor-version":[{"id":566,"href":"https:\/\/nuneshenriques.com\/index.php?rest_route=\/wp\/v2\/pages\/64\/revisions\/566"}],"wp:attachment":[{"href":"https:\/\/nuneshenriques.com\/index.php?rest_route=%2Fwp%2Fv2%2Fmedia&parent=64"}],"curies":[{"name":"wp","href":"https:\/\/api.w.org\/{rel}","templated":true}]}}