{"id":312,"date":"2025-07-05T22:06:46","date_gmt":"2025-07-05T22:06:46","guid":{"rendered":"https:\/\/nuneshenriques.com\/?page_id=312"},"modified":"2025-07-27T22:51:10","modified_gmt":"2025-07-27T22:51:10","slug":"elementor-312","status":"publish","type":"page","link":"https:\/\/nuneshenriques.com\/?page_id=312","title":{"rendered":"Carreira"},"content":{"rendered":"\t\t<div data-elementor-type=\"wp-page\" data-elementor-id=\"312\" class=\"elementor elementor-312\">\n\t\t\t\t<div class=\"elementor-element elementor-element-fdb9150 e-flex e-con-boxed e-con e-parent\" data-id=\"fdb9150\" data-element_type=\"container\" data-e-type=\"container\">\n\t\t\t\t\t<div class=\"e-con-inner\">\n\t\t\t\t<div class=\"elementor-element elementor-element-131ad64 elementor-widget elementor-widget-spacer\" data-id=\"131ad64\" data-element_type=\"widget\" data-e-type=\"widget\" data-widget_type=\"spacer.default\">\n\t\t\t\t<div class=\"elementor-widget-container\">\n\t\t\t\t\t\t\t<div class=\"elementor-spacer\">\n\t\t\t<div class=\"elementor-spacer-inner\"><\/div>\n\t\t<\/div>\n\t\t\t\t\t\t<\/div>\n\t\t\t\t<\/div>\n\t\t\t\t<div class=\"elementor-element elementor-element-8b847b0 elementor-widget elementor-widget-heading\" data-id=\"8b847b0\" data-element_type=\"widget\" data-e-type=\"widget\" data-widget_type=\"heading.default\">\n\t\t\t\t<div class=\"elementor-widget-container\">\n\t\t\t\t\t<h1 class=\"elementor-heading-title elementor-size-default\">Carreira<\/h1>\t\t\t\t<\/div>\n\t\t\t\t<\/div>\n\t\t\t\t\t<\/div>\n\t\t\t\t<\/div>\n\t\t<div class=\"elementor-element elementor-element-b890e8a e-flex e-con-boxed e-con e-parent\" data-id=\"b890e8a\" data-element_type=\"container\" data-e-type=\"container\">\n\t\t\t\t\t<div class=\"e-con-inner\">\n\t\t\t\t<div class=\"elementor-element elementor-element-afd8dd9 elementor-widget elementor-widget-spacer\" data-id=\"afd8dd9\" data-element_type=\"widget\" data-e-type=\"widget\" data-widget_type=\"spacer.default\">\n\t\t\t\t<div class=\"elementor-widget-container\">\n\t\t\t\t\t\t\t<div class=\"elementor-spacer\">\n\t\t\t<div class=\"elementor-spacer-inner\"><\/div>\n\t\t<\/div>\n\t\t\t\t\t\t<\/div>\n\t\t\t\t<\/div>\n\t\t\t\t<div class=\"elementor-element elementor-element-cddf7b4 elementor-widget elementor-widget-text-editor\" data-id=\"cddf7b4\" data-element_type=\"widget\" data-e-type=\"widget\" data-widget_type=\"text-editor.default\">\n\t\t\t\t<div class=\"elementor-widget-container\">\n\t\t\t\t\t\t\t\t\t<p>A minha carreira tem sido marcada por desafios em diferentes contextos, sempre com a paix\u00e3o de formar jogadores e ajudar equipas a atingir o seu potencial m\u00e1ximo. Trabalhar no Al-Hilal, um dos maiores clubes no continente asi\u00e1tico, representou um dos pontos altos do meu percurso, permitindo-me atuar ao mais alto n\u00edvel e partilhar o meu conhecimento com jogadores de classe mundial. Esta experi\u00eancia, n\u00e3o s\u00f3 refor\u00e7ou a minha vis\u00e3o sobre o jogo, como tamb\u00e9m confirmou a import\u00e2ncia da adapta\u00e7\u00e3o e do rigor para triunfar no futebol moderno.<\/p>\t\t\t\t\t\t\t\t<\/div>\n\t\t\t\t<\/div>\n\t\t\t\t<div class=\"elementor-element elementor-element-a066a30 elementor-widget elementor-widget-video\" data-id=\"a066a30\" data-element_type=\"widget\" data-e-type=\"widget\" data-settings=\"{&quot;youtube_url&quot;:&quot;https:\\\/\\\/youtu.be\\\/fmeBKElzCpY&quot;,&quot;show_image_overlay&quot;:&quot;yes&quot;,&quot;image_overlay&quot;:{&quot;url&quot;:&quot;https:\\\/\\\/nuneshenriques.com\\\/wp-content\\\/uploads\\\/2025\\\/07\\\/Captura-de-ecra-2025-07-27-234210.png&quot;,&quot;id&quot;:579,&quot;size&quot;:&quot;&quot;,&quot;alt&quot;:&quot;&quot;,&quot;source&quot;:&quot;library&quot;},&quot;video_type&quot;:&quot;youtube&quot;,&quot;controls&quot;:&quot;yes&quot;}\" data-widget_type=\"video.default\">\n\t\t\t\t<div class=\"elementor-widget-container\">\n\t\t\t\t\t\t\t<div class=\"elementor-wrapper elementor-open-inline\">\n\t\t\t<div class=\"elementor-video\"><\/div>\t\t\t\t<div class=\"elementor-custom-embed-image-overlay\" style=\"background-image: url(https:\/\/nuneshenriques.com\/wp-content\/uploads\/2025\/07\/Captura-de-ecra-2025-07-27-234210.png);\">\n\t\t\t\t\t\t\t\t\t\t\t\t\t\t\t\t<div class=\"elementor-custom-embed-play\" role=\"button\" aria-label=\"Play Video\" tabindex=\"0\">\n\t\t\t\t\t\t\t<svg aria-hidden=\"true\" class=\"e-font-icon-svg e-eicon-play\" viewBox=\"0 0 1000 1000\" xmlns=\"http:\/\/www.w3.org\/2000\/svg\"><path d=\"M838 162C746 71 633 25 500 25 371 25 258 71 163 162 71 254 25 367 25 500 25 633 71 746 163 837 254 929 367 979 500 979 633 979 746 933 838 837 929 746 975 633 975 500 975 367 929 254 838 162M808 192C892 279 933 379 933 500 933 621 892 725 808 808 725 892 621 938 500 938 379 938 279 896 196 808 113 725 67 621 67 500 67 379 108 279 196 192 279 108 383 62 500 62 621 62 721 108 808 192M438 392V642L642 517 438 392Z\"><\/path><\/svg>\t\t\t\t\t\t<\/div>\n\t\t\t\t\t\t\t\t\t<\/div>\n\t\t\t\t\t<\/div>\n\t\t\t\t\t\t<\/div>\n\t\t\t\t<\/div>\n\t\t\t\t<div class=\"elementor-element elementor-element-cb33706 elementor-widget elementor-widget-spacer\" data-id=\"cb33706\" data-element_type=\"widget\" data-e-type=\"widget\" data-widget_type=\"spacer.default\">\n\t\t\t\t<div class=\"elementor-widget-container\">\n\t\t\t\t\t\t\t<div class=\"elementor-spacer\">\n\t\t\t<div class=\"elementor-spacer-inner\"><\/div>\n\t\t<\/div>\n\t\t\t\t\t\t<\/div>\n\t\t\t\t<\/div>\n\t\t\t\t\t<\/div>\n\t\t\t\t<\/div>\n\t\t\t\t<\/div>\n\t\t","protected":false},"excerpt":{"rendered":"<p>Carreira A minha carreira tem sido marcada por desafios em diferentes contextos, sempre com a paix\u00e3o de formar jogadores e ajudar equipas a atingir o seu potencial m\u00e1ximo. Trabalhar no Al-Hilal, um dos maiores clubes no continente asi\u00e1tico, representou um dos pontos altos do meu percurso, permitindo-me atuar ao mais alto n\u00edvel e partilhar o [&hellip;]<\/p>\n","protected":false},"author":1,"featured_media":0,"parent":0,"menu_order":0,"comment_status":"closed","ping_status":"closed","template":"","meta":{"footnotes":""},"class_list":["post-312","page","type-page","status-publish","hentry"],"yoast_head":"<!-- This site is optimized with the Yoast SEO plugin v27.1.1 - https:\/\/yoast.com\/product\/yoast-seo-wordpress\/ -->\n<title>Carreira - Paulo Nunes Henriques<\/title>\n<meta name=\"robots\" content=\"index, follow, max-snippet:-1, max-image-preview:large, max-video-preview:-1\" \/>\n<link rel=\"canonical\" href=\"https:\/\/nuneshenriques.com\/?page_id=312\" \/>\n<meta property=\"og:locale\" content=\"en_US\" \/>\n<meta property=\"og:type\" content=\"article\" \/>\n<meta property=\"og:title\" content=\"Carreira - Paulo Nunes Henriques\" \/>\n<meta property=\"og:description\" content=\"Carreira A minha carreira tem sido marcada por desafios em diferentes contextos, sempre com a paix\u00e3o de formar jogadores e ajudar equipas a atingir o seu potencial m\u00e1ximo. Trabalhar no Al-Hilal, um dos maiores clubes no continente asi\u00e1tico, representou um dos pontos altos do meu percurso, permitindo-me atuar ao mais alto n\u00edvel e partilhar o [&hellip;]\" \/>\n<meta property=\"og:url\" content=\"https:\/\/nuneshenriques.com\/?page_id=312\" \/>\n<meta property=\"og:site_name\" content=\"Paulo Nunes Henriques\" \/>\n<meta property=\"article:modified_time\" content=\"2025-07-27T22:51:10+00:00\" \/>\n<meta name=\"twitter:card\" content=\"summary_large_image\" \/>\n<meta name=\"twitter:label1\" content=\"Est. reading time\" \/>\n\t<meta name=\"twitter:data1\" content=\"1 minute\" \/>\n<script type=\"application\/ld+json\" class=\"yoast-schema-graph\">{\"@context\":\"https:\/\/schema.org\",\"@graph\":[{\"@type\":\"WebPage\",\"@id\":\"https:\/\/nuneshenriques.com\/?page_id=312\",\"url\":\"https:\/\/nuneshenriques.com\/?page_id=312\",\"name\":\"Carreira - Paulo Nunes Henriques\",\"isPartOf\":{\"@id\":\"https:\/\/nuneshenriques.com\/#website\"},\"datePublished\":\"2025-07-05T22:06:46+00:00\",\"dateModified\":\"2025-07-27T22:51:10+00:00\",\"breadcrumb\":{\"@id\":\"https:\/\/nuneshenriques.com\/?page_id=312#breadcrumb\"},\"inLanguage\":\"en-US\",\"potentialAction\":[{\"@type\":\"ReadAction\",\"target\":[\"https:\/\/nuneshenriques.com\/?page_id=312\"]}]},{\"@type\":\"BreadcrumbList\",\"@id\":\"https:\/\/nuneshenriques.com\/?page_id=312#breadcrumb\",\"itemListElement\":[{\"@type\":\"ListItem\",\"position\":1,\"name\":\"In\u00edcio\",\"item\":\"https:\/\/nuneshenriques.com\/\"},{\"@type\":\"ListItem\",\"position\":2,\"name\":\"Carreira\"}]},{\"@type\":\"WebSite\",\"@id\":\"https:\/\/nuneshenriques.com\/#website\",\"url\":\"https:\/\/nuneshenriques.com\/\",\"name\":\"Paulo Nunes Henriques\",\"description\":\"\",\"publisher\":{\"@id\":\"https:\/\/nuneshenriques.com\/#organization\"},\"potentialAction\":[{\"@type\":\"SearchAction\",\"target\":{\"@type\":\"EntryPoint\",\"urlTemplate\":\"https:\/\/nuneshenriques.com\/?s={search_term_string}\"},\"query-input\":{\"@type\":\"PropertyValueSpecification\",\"valueRequired\":true,\"valueName\":\"search_term_string\"}}],\"inLanguage\":\"en-US\"},{\"@type\":\"Organization\",\"@id\":\"https:\/\/nuneshenriques.com\/#organization\",\"name\":\"Paulo Nunes Henriques\",\"url\":\"https:\/\/nuneshenriques.com\/\",\"logo\":{\"@type\":\"ImageObject\",\"inLanguage\":\"en-US\",\"@id\":\"https:\/\/nuneshenriques.com\/#\/schema\/logo\/image\/\",\"url\":\"https:\/\/nuneshenriques.com\/wp-content\/uploads\/2025\/06\/Captura-de-ecra-2025-06-30-165710.png\",\"contentUrl\":\"https:\/\/nuneshenriques.com\/wp-content\/uploads\/2025\/06\/Captura-de-ecra-2025-06-30-165710.png\",\"width\":593,\"height\":521,\"caption\":\"Paulo Nunes Henriques\"},\"image\":{\"@id\":\"https:\/\/nuneshenriques.com\/#\/schema\/logo\/image\/\"}}]}<\/script>\n<!-- \/ Yoast SEO plugin. -->","yoast_head_json":{"title":"Carreira - Paulo Nunes Henriques","robots":{"index":"index","follow":"follow","max-snippet":"max-snippet:-1","max-image-preview":"max-image-preview:large","max-video-preview":"max-video-preview:-1"},"canonical":"https:\/\/nuneshenriques.com\/?page_id=312","og_locale":"en_US","og_type":"article","og_title":"Carreira - Paulo Nunes Henriques","og_description":"Carreira A minha carreira tem sido marcada por desafios em diferentes contextos, sempre com a paix\u00e3o de formar jogadores e ajudar equipas a atingir o seu potencial m\u00e1ximo. Trabalhar no Al-Hilal, um dos maiores clubes no continente asi\u00e1tico, representou um dos pontos altos do meu percurso, permitindo-me atuar ao mais alto n\u00edvel e partilhar o [&hellip;]","og_url":"https:\/\/nuneshenriques.com\/?page_id=312","og_site_name":"Paulo Nunes Henriques","article_modified_time":"2025-07-27T22:51:10+00:00","twitter_card":"summary_large_image","twitter_misc":{"Est. reading time":"1 minute"},"schema":{"@context":"https:\/\/schema.org","@graph":[{"@type":"WebPage","@id":"https:\/\/nuneshenriques.com\/?page_id=312","url":"https:\/\/nuneshenriques.com\/?page_id=312","name":"Carreira - Paulo Nunes Henriques","isPartOf":{"@id":"https:\/\/nuneshenriques.com\/#website"},"datePublished":"2025-07-05T22:06:46+00:00","dateModified":"2025-07-27T22:51:10+00:00","breadcrumb":{"@id":"https:\/\/nuneshenriques.com\/?page_id=312#breadcrumb"},"inLanguage":"en-US","potentialAction":[{"@type":"ReadAction","target":["https:\/\/nuneshenriques.com\/?page_id=312"]}]},{"@type":"BreadcrumbList","@id":"https:\/\/nuneshenriques.com\/?page_id=312#breadcrumb","itemListElement":[{"@type":"ListItem","position":1,"name":"In\u00edcio","item":"https:\/\/nuneshenriques.com\/"},{"@type":"ListItem","position":2,"name":"Carreira"}]},{"@type":"WebSite","@id":"https:\/\/nuneshenriques.com\/#website","url":"https:\/\/nuneshenriques.com\/","name":"Paulo Nunes Henriques","description":"","publisher":{"@id":"https:\/\/nuneshenriques.com\/#organization"},"potentialAction":[{"@type":"SearchAction","target":{"@type":"EntryPoint","urlTemplate":"https:\/\/nuneshenriques.com\/?s={search_term_string}"},"query-input":{"@type":"PropertyValueSpecification","valueRequired":true,"valueName":"search_term_string"}}],"inLanguage":"en-US"},{"@type":"Organization","@id":"https:\/\/nuneshenriques.com\/#organization","name":"Paulo Nunes Henriques","url":"https:\/\/nuneshenriques.com\/","logo":{"@type":"ImageObject","inLanguage":"en-US","@id":"https:\/\/nuneshenriques.com\/#\/schema\/logo\/image\/","url":"https:\/\/nuneshenriques.com\/wp-content\/uploads\/2025\/06\/Captura-de-ecra-2025-06-30-165710.png","contentUrl":"https:\/\/nuneshenriques.com\/wp-content\/uploads\/2025\/06\/Captura-de-ecra-2025-06-30-165710.png","width":593,"height":521,"caption":"Paulo Nunes Henriques"},"image":{"@id":"https:\/\/nuneshenriques.com\/#\/schema\/logo\/image\/"}}]}},"_links":{"self":[{"href":"https:\/\/nuneshenriques.com\/index.php?rest_route=\/wp\/v2\/pages\/312","targetHints":{"allow":["GET"]}}],"collection":[{"href":"https:\/\/nuneshenriques.com\/index.php?rest_route=\/wp\/v2\/pages"}],"about":[{"href":"https:\/\/nuneshenriques.com\/index.php?rest_route=\/wp\/v2\/types\/page"}],"author":[{"embeddable":true,"href":"https:\/\/nuneshenriques.com\/index.php?rest_route=\/wp\/v2\/users\/1"}],"replies":[{"embeddable":true,"href":"https:\/\/nuneshenriques.com\/index.php?rest_route=%2Fwp%2Fv2%2Fcomments&post=312"}],"version-history":[{"count":33,"href":"https:\/\/nuneshenriques.com\/index.php?rest_route=\/wp\/v2\/pages\/312\/revisions"}],"predecessor-version":[{"id":598,"href":"https:\/\/nuneshenriques.com\/index.php?rest_route=\/wp\/v2\/pages\/312\/revisions\/598"}],"wp:attachment":[{"href":"https:\/\/nuneshenriques.com\/index.php?rest_route=%2Fwp%2Fv2%2Fmedia&parent=312"}],"curies":[{"name":"wp","href":"https:\/\/api.w.org\/{rel}","templated":true}]}}