{"id":229,"date":"2025-07-04T13:25:46","date_gmt":"2025-07-04T13:25:46","guid":{"rendered":"https:\/\/nuneshenriques.com\/?page_id=229"},"modified":"2025-07-27T21:47:44","modified_gmt":"2025-07-27T21:47:44","slug":"elementor-229","status":"publish","type":"page","link":"https:\/\/nuneshenriques.com\/?page_id=229","title":{"rendered":"Percurso"},"content":{"rendered":"\t\t<div data-elementor-type=\"wp-page\" data-elementor-id=\"229\" class=\"elementor elementor-229\">\n\t\t\t\t<div class=\"elementor-element elementor-element-b7977b9 e-flex e-con-boxed e-con e-parent\" data-id=\"b7977b9\" data-element_type=\"container\" data-e-type=\"container\">\n\t\t\t\t\t<div class=\"e-con-inner\">\n\t\t\t\t<div class=\"elementor-element elementor-element-92fe704 elementor-widget elementor-widget-spacer\" data-id=\"92fe704\" data-element_type=\"widget\" data-e-type=\"widget\" data-widget_type=\"spacer.default\">\n\t\t\t\t<div class=\"elementor-widget-container\">\n\t\t\t\t\t\t\t<div class=\"elementor-spacer\">\n\t\t\t<div class=\"elementor-spacer-inner\"><\/div>\n\t\t<\/div>\n\t\t\t\t\t\t<\/div>\n\t\t\t\t<\/div>\n\t\t\t\t<div class=\"elementor-element elementor-element-4221155 elementor-widget elementor-widget-heading\" data-id=\"4221155\" data-element_type=\"widget\" data-e-type=\"widget\" data-widget_type=\"heading.default\">\n\t\t\t\t<div class=\"elementor-widget-container\">\n\t\t\t\t\t<h1 class=\"elementor-heading-title elementor-size-default\">Percurso Profissional<\/h1>\t\t\t\t<\/div>\n\t\t\t\t<\/div>\n\t\t\t\t<div class=\"elementor-element elementor-element-e950229 elementor-widget elementor-widget-spacer\" data-id=\"e950229\" data-element_type=\"widget\" data-e-type=\"widget\" data-widget_type=\"spacer.default\">\n\t\t\t\t<div class=\"elementor-widget-container\">\n\t\t\t\t\t\t\t<div class=\"elementor-spacer\">\n\t\t\t<div class=\"elementor-spacer-inner\"><\/div>\n\t\t<\/div>\n\t\t\t\t\t\t<\/div>\n\t\t\t\t<\/div>\n\t\t\t\t\t<\/div>\n\t\t\t\t<\/div>\n\t\t<div class=\"elementor-element elementor-element-c9540ed e-flex e-con-boxed e-con e-parent\" data-id=\"c9540ed\" data-element_type=\"container\" data-e-type=\"container\">\n\t\t\t\t\t<div class=\"e-con-inner\">\n\t\t<div class=\"elementor-element elementor-element-6d466b0 e-con-full e-flex e-con e-child\" data-id=\"6d466b0\" data-element_type=\"container\" data-e-type=\"container\">\n\t\t\t\t<div class=\"elementor-element elementor-element-b29a83b elementor-widget elementor-widget-text-editor\" data-id=\"b29a83b\" data-element_type=\"widget\" data-e-type=\"widget\" data-widget_type=\"text-editor.default\">\n\t\t\t\t<div class=\"elementor-widget-container\">\n\t\t\t\t\t\t\t\t\t<p data-start=\"109\" data-end=\"486\">Ao longo de mais de 30 anos, constru\u00ed um percurso s\u00f3lido e diversificado no futebol, com experi\u00eancias marcantes em Portugal e no estrangeiro. Iniciei a minha carreira no Sacavenense, onde tive o privil\u00e9gio de trabalhar como treinador da forma\u00e7\u00e3o entre 1992 e 1999, voltando mais tarde entre 2000 e 2002.<\/p><p data-start=\"488\" data-end=\"879\">Na \u00e9poca de 1999\/2000 integrei a equipa t\u00e9cnica s\u00e9nior do Real SC, e entre 2002 e 2005 estive no Casa Pia AC como treinador e coordenador t\u00e9cnico. Seguiu-se uma passagem pelo Povoense, primeiro na forma\u00e7\u00e3o (2005\u20132007) e depois como treinador da equipa s\u00e9nior (2010\u20132012). Em 2007\/2008 fiz parte da equipa t\u00e9cnica s\u00e9nior da U.D. Rio Maior, antes de assumir, entre 2008 e 2010, a forma\u00e7\u00e3o do FC Alverca.<\/p><p data-start=\"881\" data-end=\"1205\">A minha primeira experi\u00eancia internacional surgiu em 2012\/2013, como treinador de forma\u00e7\u00e3o no Al Ahli, da Ar\u00e1bia Saudita. Depois regressei a Portugal para trabalhar no Oriental Dragon FC (2014\/2015) e no Sporting SAD (2015\u20132017), sempre na \u00e1rea da forma\u00e7\u00e3o. Em 2017\/2018 fui treinador adjunto da equipa s\u00e9nior do Santa Iria.<\/p><p data-start=\"1207\" data-end=\"1664\">Entre 2018 e 2020 abracei um novo desafio na China, ao servi\u00e7o do Shandong Luneng, como treinador da forma\u00e7\u00e3o. Em 2021\/2022 fui coordenador da forma\u00e7\u00e3o do GS Loures. Na \u00e9poca 2022\/2023, fui diretor t\u00e9cnico da forma\u00e7\u00e3o do Al-Hilal, trabalhando simultaneamente ao lado de Mohammad Al-Shalhoub, nos escal\u00f5es de forma\u00e7\u00e3o. Na temporada seguinte, Paulo Nunes Henriques sagrei-me campe\u00e3o como treinador principal da equipa sub-19.<\/p><p data-start=\"1207\" data-end=\"1664\">Na \u00e9poca de 2024\/2025, comecei como Diretor T\u00e9cnico no GD Samora Correia e na segunda metade da \u00e9poca integrei como treinador adjunto na equipa principal do Al Hilal.<\/p><p data-start=\"1666\" data-end=\"1935\">Este percurso permitiu-me crescer como treinador, gestor e formador, acumulando experi\u00eancias enriquecedoras em diferentes contextos e contribuindo para o desenvolvimento de jovens talentos e equipas seniores, sempre com profissionalismo, dedica\u00e7\u00e3o e esp\u00edrito de equipa.<\/p>\t\t\t\t\t\t\t\t<\/div>\n\t\t\t\t<\/div>\n\t\t\t\t<\/div>\n\t\t<div class=\"elementor-element elementor-element-49d509d e-con-full e-flex e-con e-child\" data-id=\"49d509d\" data-element_type=\"container\" data-e-type=\"container\">\n\t\t\t\t<div class=\"elementor-element elementor-element-3d0955b elementor-widget elementor-widget-image\" data-id=\"3d0955b\" data-element_type=\"widget\" data-e-type=\"widget\" data-widget_type=\"image.default\">\n\t\t\t\t<div class=\"elementor-widget-container\">\n\t\t\t\t\t\t\t\t\t\t\t\t\t\t\t<img fetchpriority=\"high\" decoding=\"async\" width=\"800\" height=\"480\" src=\"https:\/\/nuneshenriques.com\/wp-content\/uploads\/2025\/07\/Captura-de-ecra-2025-07-06-223729-1-1024x615.png\" class=\"attachment-large size-large wp-image-436\" alt=\"\" srcset=\"https:\/\/nuneshenriques.com\/wp-content\/uploads\/2025\/07\/Captura-de-ecra-2025-07-06-223729-1-1024x615.png 1024w, https:\/\/nuneshenriques.com\/wp-content\/uploads\/2025\/07\/Captura-de-ecra-2025-07-06-223729-1-300x180.png 300w, https:\/\/nuneshenriques.com\/wp-content\/uploads\/2025\/07\/Captura-de-ecra-2025-07-06-223729-1-768x461.png 768w, https:\/\/nuneshenriques.com\/wp-content\/uploads\/2025\/07\/Captura-de-ecra-2025-07-06-223729-1.png 1168w\" sizes=\"(max-width: 800px) 100vw, 800px\" \/>\t\t\t\t\t\t\t\t\t\t\t\t\t\t\t<\/div>\n\t\t\t\t<\/div>\n\t\t\t\t<div class=\"elementor-element elementor-element-254de53 elementor-widget elementor-widget-image\" data-id=\"254de53\" data-element_type=\"widget\" data-e-type=\"widget\" data-widget_type=\"image.default\">\n\t\t\t\t<div class=\"elementor-widget-container\">\n\t\t\t\t\t\t\t\t\t\t\t\t\t\t\t<img decoding=\"async\" width=\"800\" height=\"492\" src=\"https:\/\/nuneshenriques.com\/wp-content\/uploads\/2025\/07\/Captura-de-ecra-2025-07-06-223930-2-1024x630.png\" class=\"attachment-large size-large wp-image-437\" alt=\"\" srcset=\"https:\/\/nuneshenriques.com\/wp-content\/uploads\/2025\/07\/Captura-de-ecra-2025-07-06-223930-2-1024x630.png 1024w, https:\/\/nuneshenriques.com\/wp-content\/uploads\/2025\/07\/Captura-de-ecra-2025-07-06-223930-2-300x185.png 300w, https:\/\/nuneshenriques.com\/wp-content\/uploads\/2025\/07\/Captura-de-ecra-2025-07-06-223930-2-768x472.png 768w, https:\/\/nuneshenriques.com\/wp-content\/uploads\/2025\/07\/Captura-de-ecra-2025-07-06-223930-2.png 1156w\" sizes=\"(max-width: 800px) 100vw, 800px\" \/>\t\t\t\t\t\t\t\t\t\t\t\t\t\t\t<\/div>\n\t\t\t\t<\/div>\n\t\t\t\t<div class=\"elementor-element elementor-element-e7c68b2 elementor-widget elementor-widget-image\" data-id=\"e7c68b2\" data-element_type=\"widget\" data-e-type=\"widget\" data-widget_type=\"image.default\">\n\t\t\t\t<div class=\"elementor-widget-container\">\n\t\t\t\t\t\t\t\t\t\t\t\t\t\t\t<img decoding=\"async\" width=\"737\" height=\"729\" src=\"https:\/\/nuneshenriques.com\/wp-content\/uploads\/2025\/07\/Captura-de-ecra-2025-07-06-224219-1.png\" class=\"attachment-large size-large wp-image-438\" alt=\"\" srcset=\"https:\/\/nuneshenriques.com\/wp-content\/uploads\/2025\/07\/Captura-de-ecra-2025-07-06-224219-1.png 737w, https:\/\/nuneshenriques.com\/wp-content\/uploads\/2025\/07\/Captura-de-ecra-2025-07-06-224219-1-300x297.png 300w\" sizes=\"(max-width: 737px) 100vw, 737px\" \/>\t\t\t\t\t\t\t\t\t\t\t\t\t\t\t<\/div>\n\t\t\t\t<\/div>\n\t\t\t\t<div class=\"elementor-element elementor-element-8af0883 elementor-widget elementor-widget-image\" data-id=\"8af0883\" data-element_type=\"widget\" data-e-type=\"widget\" data-widget_type=\"image.default\">\n\t\t\t\t<div class=\"elementor-widget-container\">\n\t\t\t\t\t\t\t\t\t\t\t\t\t\t\t<img loading=\"lazy\" decoding=\"async\" width=\"800\" height=\"562\" src=\"https:\/\/nuneshenriques.com\/wp-content\/uploads\/2025\/07\/Captura-de-ecra-2025-07-06-230206-1.png\" class=\"attachment-large size-large wp-image-439\" alt=\"\" srcset=\"https:\/\/nuneshenriques.com\/wp-content\/uploads\/2025\/07\/Captura-de-ecra-2025-07-06-230206-1.png 1021w, https:\/\/nuneshenriques.com\/wp-content\/uploads\/2025\/07\/Captura-de-ecra-2025-07-06-230206-1-300x211.png 300w, https:\/\/nuneshenriques.com\/wp-content\/uploads\/2025\/07\/Captura-de-ecra-2025-07-06-230206-1-768x539.png 768w\" sizes=\"(max-width: 800px) 100vw, 800px\" \/>\t\t\t\t\t\t\t\t\t\t\t\t\t\t\t<\/div>\n\t\t\t\t<\/div>\n\t\t\t\t<\/div>\n\t\t\t\t\t<\/div>\n\t\t\t\t<\/div>\n\t\t<div class=\"elementor-element elementor-element-665814d e-flex e-con-boxed e-con e-parent\" data-id=\"665814d\" data-element_type=\"container\" data-e-type=\"container\">\n\t\t\t\t\t<div class=\"e-con-inner\">\n\t\t\t\t<div class=\"elementor-element elementor-element-f0f5273 elementor-widget elementor-widget-spacer\" data-id=\"f0f5273\" data-element_type=\"widget\" data-e-type=\"widget\" data-widget_type=\"spacer.default\">\n\t\t\t\t<div class=\"elementor-widget-container\">\n\t\t\t\t\t\t\t<div class=\"elementor-spacer\">\n\t\t\t<div class=\"elementor-spacer-inner\"><\/div>\n\t\t<\/div>\n\t\t\t\t\t\t<\/div>\n\t\t\t\t<\/div>\n\t\t\t\t\t<\/div>\n\t\t\t\t<\/div>\n\t\t<div class=\"elementor-element elementor-element-22bba7e e-flex e-con-boxed e-con e-parent\" data-id=\"22bba7e\" data-element_type=\"container\" data-e-type=\"container\">\n\t\t\t\t\t<div class=\"e-con-inner\">\n\t\t<div class=\"elementor-element elementor-element-d9e25de e-con-full e-flex e-con e-child\" data-id=\"d9e25de\" data-element_type=\"container\" data-e-type=\"container\">\n\t\t\t\t<div class=\"elementor-element elementor-element-4f1a850 elementor-widget elementor-widget-heading\" data-id=\"4f1a850\" data-element_type=\"widget\" data-e-type=\"widget\" data-widget_type=\"heading.default\">\n\t\t\t\t<div class=\"elementor-widget-container\">\n\t\t\t\t\t<h2 class=\"elementor-heading-title elementor-size-default\">Percurso Nacional<\/h2>\t\t\t\t<\/div>\n\t\t\t\t<\/div>\n\t\t\t\t<div class=\"elementor-element elementor-element-9afb978 elementor-widget elementor-widget-igmap\" data-id=\"9afb978\" data-element_type=\"widget\" data-e-type=\"widget\" data-widget_type=\"igmap.default\">\n\t\t\t\t<div class=\"elementor-widget-container\">\n\t\t\t\t\t<div class=\"igmap-elementor-widget\"><div class=\"map_wrapper\" id=\"map_wrapper_244\">\n<div class=\"map_box\" style=\"max-width:2000px\">\n<div class=\"map_aspect_ratio\" style=\"padding-top:56%\" data-padding-top=\"56%\" data-padding-top-mobile=\"0%\">\n<div class=\"map_container\">\n<div class=\"map_render map_loading\" id=\"map_244\"><\/div>\n<\/div>\n<\/div>\n<\/div>\n<\/div><\/div>\t\t\t\t<\/div>\n\t\t\t\t<\/div>\n\t\t\t\t<\/div>\n\t\t<div class=\"elementor-element elementor-element-c808fa6 e-con-full e-flex e-con e-child\" data-id=\"c808fa6\" data-element_type=\"container\" data-e-type=\"container\">\n\t\t\t\t<div class=\"elementor-element elementor-element-d168a4d elementor-widget elementor-widget-heading\" data-id=\"d168a4d\" data-element_type=\"widget\" data-e-type=\"widget\" data-widget_type=\"heading.default\">\n\t\t\t\t<div class=\"elementor-widget-container\">\n\t\t\t\t\t<h2 class=\"elementor-heading-title elementor-size-default\">Percurso Internacional<\/h2>\t\t\t\t<\/div>\n\t\t\t\t<\/div>\n\t\t\t\t<div class=\"elementor-element elementor-element-25b8a10 elementor-widget elementor-widget-igmap\" data-id=\"25b8a10\" data-element_type=\"widget\" data-e-type=\"widget\" data-widget_type=\"igmap.default\">\n\t\t\t\t<div class=\"elementor-widget-container\">\n\t\t\t\t\t<div class=\"igmap-elementor-widget\"><div class=\"map_wrapper\" id=\"map_wrapper_228\">\n<div class=\"map_box\" style=\"max-width:2000px\">\n<div class=\"map_aspect_ratio\" style=\"padding-top:56%\" data-padding-top=\"56%\" data-padding-top-mobile=\"0%\">\n<div class=\"map_container\">\n<div class=\"map_render map_loading\" id=\"map_228\"><\/div>\n<\/div>\n<\/div>\n<\/div>\n<\/div><\/div>\t\t\t\t<\/div>\n\t\t\t\t<\/div>\n\t\t\t\t<\/div>\n\t\t\t\t\t<\/div>\n\t\t\t\t<\/div>\n\t\t<div class=\"elementor-element elementor-element-9badf80 e-flex e-con-boxed e-con e-parent\" data-id=\"9badf80\" data-element_type=\"container\" data-e-type=\"container\">\n\t\t\t\t\t<div class=\"e-con-inner\">\n\t\t\t\t<div class=\"elementor-element elementor-element-943ca71 elementor-widget elementor-widget-spacer\" data-id=\"943ca71\" data-element_type=\"widget\" data-e-type=\"widget\" data-widget_type=\"spacer.default\">\n\t\t\t\t<div class=\"elementor-widget-container\">\n\t\t\t\t\t\t\t<div class=\"elementor-spacer\">\n\t\t\t<div class=\"elementor-spacer-inner\"><\/div>\n\t\t<\/div>\n\t\t\t\t\t\t<\/div>\n\t\t\t\t<\/div>\n\t\t\t\t\t<\/div>\n\t\t\t\t<\/div>\n\t\t\t\t<\/div>\n\t\t","protected":false},"excerpt":{"rendered":"<p>Percurso Profissional Ao longo de mais de 30 anos, constru\u00ed um percurso s\u00f3lido e diversificado no futebol, com experi\u00eancias marcantes em Portugal e no estrangeiro. Iniciei a minha carreira no Sacavenense, onde tive o privil\u00e9gio de trabalhar como treinador da forma\u00e7\u00e3o entre 1992 e 1999, voltando mais tarde entre 2000 e 2002. Na \u00e9poca de [&hellip;]<\/p>\n","protected":false},"author":1,"featured_media":0,"parent":0,"menu_order":0,"comment_status":"closed","ping_status":"closed","template":"","meta":{"footnotes":""},"class_list":["post-229","page","type-page","status-publish","hentry"],"yoast_head":"<!-- This site is optimized with the Yoast SEO plugin v27.1.1 - https:\/\/yoast.com\/product\/yoast-seo-wordpress\/ -->\n<title>Percurso - Paulo Nunes Henriques<\/title>\n<meta name=\"robots\" content=\"index, follow, max-snippet:-1, max-image-preview:large, max-video-preview:-1\" \/>\n<link rel=\"canonical\" href=\"https:\/\/nuneshenriques.com\/?page_id=229\" \/>\n<meta property=\"og:locale\" content=\"en_US\" \/>\n<meta property=\"og:type\" content=\"article\" \/>\n<meta property=\"og:title\" content=\"Percurso - Paulo Nunes Henriques\" \/>\n<meta property=\"og:description\" content=\"Percurso Profissional Ao longo de mais de 30 anos, constru\u00ed um percurso s\u00f3lido e diversificado no futebol, com experi\u00eancias marcantes em Portugal e no estrangeiro. Iniciei a minha carreira no Sacavenense, onde tive o privil\u00e9gio de trabalhar como treinador da forma\u00e7\u00e3o entre 1992 e 1999, voltando mais tarde entre 2000 e 2002. Na \u00e9poca de [&hellip;]\" \/>\n<meta property=\"og:url\" content=\"https:\/\/nuneshenriques.com\/?page_id=229\" \/>\n<meta property=\"og:site_name\" content=\"Paulo Nunes Henriques\" \/>\n<meta property=\"article:modified_time\" content=\"2025-07-27T21:47:44+00:00\" \/>\n<meta property=\"og:image\" content=\"https:\/\/nuneshenriques.com\/wp-content\/uploads\/2025\/07\/Captura-de-ecra-2025-07-06-223729-1.png\" \/>\n\t<meta property=\"og:image:width\" content=\"1168\" \/>\n\t<meta property=\"og:image:height\" content=\"701\" \/>\n\t<meta property=\"og:image:type\" content=\"image\/png\" \/>\n<meta name=\"twitter:card\" content=\"summary_large_image\" \/>\n<meta name=\"twitter:label1\" content=\"Est. reading time\" \/>\n\t<meta name=\"twitter:data1\" content=\"3 minutes\" \/>\n<script type=\"application\/ld+json\" class=\"yoast-schema-graph\">{\"@context\":\"https:\/\/schema.org\",\"@graph\":[{\"@type\":\"WebPage\",\"@id\":\"https:\/\/nuneshenriques.com\/?page_id=229\",\"url\":\"https:\/\/nuneshenriques.com\/?page_id=229\",\"name\":\"Percurso - Paulo Nunes Henriques\",\"isPartOf\":{\"@id\":\"https:\/\/nuneshenriques.com\/#website\"},\"primaryImageOfPage\":{\"@id\":\"https:\/\/nuneshenriques.com\/?page_id=229#primaryimage\"},\"image\":{\"@id\":\"https:\/\/nuneshenriques.com\/?page_id=229#primaryimage\"},\"thumbnailUrl\":\"https:\/\/nuneshenriques.com\/wp-content\/uploads\/2025\/07\/Captura-de-ecra-2025-07-06-223729-1-1024x615.png\",\"datePublished\":\"2025-07-04T13:25:46+00:00\",\"dateModified\":\"2025-07-27T21:47:44+00:00\",\"breadcrumb\":{\"@id\":\"https:\/\/nuneshenriques.com\/?page_id=229#breadcrumb\"},\"inLanguage\":\"en-US\",\"potentialAction\":[{\"@type\":\"ReadAction\",\"target\":[\"https:\/\/nuneshenriques.com\/?page_id=229\"]}]},{\"@type\":\"ImageObject\",\"inLanguage\":\"en-US\",\"@id\":\"https:\/\/nuneshenriques.com\/?page_id=229#primaryimage\",\"url\":\"https:\/\/nuneshenriques.com\/wp-content\/uploads\/2025\/07\/Captura-de-ecra-2025-07-06-223729-1.png\",\"contentUrl\":\"https:\/\/nuneshenriques.com\/wp-content\/uploads\/2025\/07\/Captura-de-ecra-2025-07-06-223729-1.png\",\"width\":1168,\"height\":701},{\"@type\":\"BreadcrumbList\",\"@id\":\"https:\/\/nuneshenriques.com\/?page_id=229#breadcrumb\",\"itemListElement\":[{\"@type\":\"ListItem\",\"position\":1,\"name\":\"In\u00edcio\",\"item\":\"https:\/\/nuneshenriques.com\/\"},{\"@type\":\"ListItem\",\"position\":2,\"name\":\"Percurso\"}]},{\"@type\":\"WebSite\",\"@id\":\"https:\/\/nuneshenriques.com\/#website\",\"url\":\"https:\/\/nuneshenriques.com\/\",\"name\":\"Paulo Nunes Henriques\",\"description\":\"\",\"publisher\":{\"@id\":\"https:\/\/nuneshenriques.com\/#organization\"},\"potentialAction\":[{\"@type\":\"SearchAction\",\"target\":{\"@type\":\"EntryPoint\",\"urlTemplate\":\"https:\/\/nuneshenriques.com\/?s={search_term_string}\"},\"query-input\":{\"@type\":\"PropertyValueSpecification\",\"valueRequired\":true,\"valueName\":\"search_term_string\"}}],\"inLanguage\":\"en-US\"},{\"@type\":\"Organization\",\"@id\":\"https:\/\/nuneshenriques.com\/#organization\",\"name\":\"Paulo Nunes Henriques\",\"url\":\"https:\/\/nuneshenriques.com\/\",\"logo\":{\"@type\":\"ImageObject\",\"inLanguage\":\"en-US\",\"@id\":\"https:\/\/nuneshenriques.com\/#\/schema\/logo\/image\/\",\"url\":\"https:\/\/nuneshenriques.com\/wp-content\/uploads\/2025\/06\/Captura-de-ecra-2025-06-30-165710.png\",\"contentUrl\":\"https:\/\/nuneshenriques.com\/wp-content\/uploads\/2025\/06\/Captura-de-ecra-2025-06-30-165710.png\",\"width\":593,\"height\":521,\"caption\":\"Paulo Nunes Henriques\"},\"image\":{\"@id\":\"https:\/\/nuneshenriques.com\/#\/schema\/logo\/image\/\"}}]}<\/script>\n<!-- \/ Yoast SEO plugin. -->","yoast_head_json":{"title":"Percurso - Paulo Nunes Henriques","robots":{"index":"index","follow":"follow","max-snippet":"max-snippet:-1","max-image-preview":"max-image-preview:large","max-video-preview":"max-video-preview:-1"},"canonical":"https:\/\/nuneshenriques.com\/?page_id=229","og_locale":"en_US","og_type":"article","og_title":"Percurso - Paulo Nunes Henriques","og_description":"Percurso Profissional Ao longo de mais de 30 anos, constru\u00ed um percurso s\u00f3lido e diversificado no futebol, com experi\u00eancias marcantes em Portugal e no estrangeiro. Iniciei a minha carreira no Sacavenense, onde tive o privil\u00e9gio de trabalhar como treinador da forma\u00e7\u00e3o entre 1992 e 1999, voltando mais tarde entre 2000 e 2002. Na \u00e9poca de [&hellip;]","og_url":"https:\/\/nuneshenriques.com\/?page_id=229","og_site_name":"Paulo Nunes Henriques","article_modified_time":"2025-07-27T21:47:44+00:00","og_image":[{"width":1168,"height":701,"url":"https:\/\/nuneshenriques.com\/wp-content\/uploads\/2025\/07\/Captura-de-ecra-2025-07-06-223729-1.png","type":"image\/png"}],"twitter_card":"summary_large_image","twitter_misc":{"Est. reading time":"3 minutes"},"schema":{"@context":"https:\/\/schema.org","@graph":[{"@type":"WebPage","@id":"https:\/\/nuneshenriques.com\/?page_id=229","url":"https:\/\/nuneshenriques.com\/?page_id=229","name":"Percurso - Paulo Nunes Henriques","isPartOf":{"@id":"https:\/\/nuneshenriques.com\/#website"},"primaryImageOfPage":{"@id":"https:\/\/nuneshenriques.com\/?page_id=229#primaryimage"},"image":{"@id":"https:\/\/nuneshenriques.com\/?page_id=229#primaryimage"},"thumbnailUrl":"https:\/\/nuneshenriques.com\/wp-content\/uploads\/2025\/07\/Captura-de-ecra-2025-07-06-223729-1-1024x615.png","datePublished":"2025-07-04T13:25:46+00:00","dateModified":"2025-07-27T21:47:44+00:00","breadcrumb":{"@id":"https:\/\/nuneshenriques.com\/?page_id=229#breadcrumb"},"inLanguage":"en-US","potentialAction":[{"@type":"ReadAction","target":["https:\/\/nuneshenriques.com\/?page_id=229"]}]},{"@type":"ImageObject","inLanguage":"en-US","@id":"https:\/\/nuneshenriques.com\/?page_id=229#primaryimage","url":"https:\/\/nuneshenriques.com\/wp-content\/uploads\/2025\/07\/Captura-de-ecra-2025-07-06-223729-1.png","contentUrl":"https:\/\/nuneshenriques.com\/wp-content\/uploads\/2025\/07\/Captura-de-ecra-2025-07-06-223729-1.png","width":1168,"height":701},{"@type":"BreadcrumbList","@id":"https:\/\/nuneshenriques.com\/?page_id=229#breadcrumb","itemListElement":[{"@type":"ListItem","position":1,"name":"In\u00edcio","item":"https:\/\/nuneshenriques.com\/"},{"@type":"ListItem","position":2,"name":"Percurso"}]},{"@type":"WebSite","@id":"https:\/\/nuneshenriques.com\/#website","url":"https:\/\/nuneshenriques.com\/","name":"Paulo Nunes Henriques","description":"","publisher":{"@id":"https:\/\/nuneshenriques.com\/#organization"},"potentialAction":[{"@type":"SearchAction","target":{"@type":"EntryPoint","urlTemplate":"https:\/\/nuneshenriques.com\/?s={search_term_string}"},"query-input":{"@type":"PropertyValueSpecification","valueRequired":true,"valueName":"search_term_string"}}],"inLanguage":"en-US"},{"@type":"Organization","@id":"https:\/\/nuneshenriques.com\/#organization","name":"Paulo Nunes Henriques","url":"https:\/\/nuneshenriques.com\/","logo":{"@type":"ImageObject","inLanguage":"en-US","@id":"https:\/\/nuneshenriques.com\/#\/schema\/logo\/image\/","url":"https:\/\/nuneshenriques.com\/wp-content\/uploads\/2025\/06\/Captura-de-ecra-2025-06-30-165710.png","contentUrl":"https:\/\/nuneshenriques.com\/wp-content\/uploads\/2025\/06\/Captura-de-ecra-2025-06-30-165710.png","width":593,"height":521,"caption":"Paulo Nunes Henriques"},"image":{"@id":"https:\/\/nuneshenriques.com\/#\/schema\/logo\/image\/"}}]}},"_links":{"self":[{"href":"https:\/\/nuneshenriques.com\/index.php?rest_route=\/wp\/v2\/pages\/229","targetHints":{"allow":["GET"]}}],"collection":[{"href":"https:\/\/nuneshenriques.com\/index.php?rest_route=\/wp\/v2\/pages"}],"about":[{"href":"https:\/\/nuneshenriques.com\/index.php?rest_route=\/wp\/v2\/types\/page"}],"author":[{"embeddable":true,"href":"https:\/\/nuneshenriques.com\/index.php?rest_route=\/wp\/v2\/users\/1"}],"replies":[{"embeddable":true,"href":"https:\/\/nuneshenriques.com\/index.php?rest_route=%2Fwp%2Fv2%2Fcomments&post=229"}],"version-history":[{"count":69,"href":"https:\/\/nuneshenriques.com\/index.php?rest_route=\/wp\/v2\/pages\/229\/revisions"}],"predecessor-version":[{"id":561,"href":"https:\/\/nuneshenriques.com\/index.php?rest_route=\/wp\/v2\/pages\/229\/revisions\/561"}],"wp:attachment":[{"href":"https:\/\/nuneshenriques.com\/index.php?rest_route=%2Fwp%2Fv2%2Fmedia&parent=229"}],"curies":[{"name":"wp","href":"https:\/\/api.w.org\/{rel}","templated":true}]}}