{"id":171,"date":"2025-07-02T17:37:55","date_gmt":"2025-07-02T17:37:55","guid":{"rendered":"https:\/\/nuneshenriques.com\/?page_id=171"},"modified":"2025-07-27T22:02:06","modified_gmt":"2025-07-27T22:02:06","slug":"elementor-171","status":"publish","type":"page","link":"https:\/\/nuneshenriques.com\/?page_id=171","title":{"rendered":"Forma\u00e7\u00e3o"},"content":{"rendered":"\t\t<div data-elementor-type=\"wp-page\" data-elementor-id=\"171\" class=\"elementor elementor-171\">\n\t\t\t\t<div class=\"elementor-element elementor-element-660fa94f e-flex e-con-boxed e-con e-parent\" data-id=\"660fa94f\" data-element_type=\"container\" data-e-type=\"container\">\n\t\t\t\t\t<div class=\"e-con-inner\">\n\t\t\t\t<div class=\"elementor-element elementor-element-0e1de40 elementor-widget elementor-widget-spacer\" data-id=\"0e1de40\" data-element_type=\"widget\" data-e-type=\"widget\" data-widget_type=\"spacer.default\">\n\t\t\t\t<div class=\"elementor-widget-container\">\n\t\t\t\t\t\t\t<div class=\"elementor-spacer\">\n\t\t\t<div class=\"elementor-spacer-inner\"><\/div>\n\t\t<\/div>\n\t\t\t\t\t\t<\/div>\n\t\t\t\t<\/div>\n\t\t\t\t<div class=\"elementor-element elementor-element-de663f8 elementor-widget elementor-widget-heading\" data-id=\"de663f8\" data-element_type=\"widget\" data-e-type=\"widget\" data-widget_type=\"heading.default\">\n\t\t\t\t<div class=\"elementor-widget-container\">\n\t\t\t\t\t<h1 class=\"elementor-heading-title elementor-size-default\">Forma\u00e7\u00e3o Acad\u00e9mica e Profissional<\/h1>\t\t\t\t<\/div>\n\t\t\t\t<\/div>\n\t\t\t\t<div class=\"elementor-element elementor-element-0b73169 elementor-widget elementor-widget-spacer\" data-id=\"0b73169\" data-element_type=\"widget\" data-e-type=\"widget\" data-widget_type=\"spacer.default\">\n\t\t\t\t<div class=\"elementor-widget-container\">\n\t\t\t\t\t\t\t<div class=\"elementor-spacer\">\n\t\t\t<div class=\"elementor-spacer-inner\"><\/div>\n\t\t<\/div>\n\t\t\t\t\t\t<\/div>\n\t\t\t\t<\/div>\n\t\t\t\t\t<\/div>\n\t\t\t\t<\/div>\n\t\t<div class=\"elementor-element elementor-element-ea42c2c e-flex e-con-boxed e-con e-parent\" data-id=\"ea42c2c\" data-element_type=\"container\" data-e-type=\"container\">\n\t\t\t\t\t<div class=\"e-con-inner\">\n\t\t<div class=\"elementor-element elementor-element-9d7e14a e-con-full e-flex e-con e-child\" data-id=\"9d7e14a\" data-element_type=\"container\" data-e-type=\"container\">\n\t\t<div class=\"elementor-element elementor-element-85172fa e-con-full e-flex e-con e-child\" data-id=\"85172fa\" data-element_type=\"container\" data-e-type=\"container\">\n\t\t\t\t<div class=\"elementor-element elementor-element-a50a511 elementor-widget elementor-widget-spacer\" data-id=\"a50a511\" data-element_type=\"widget\" data-e-type=\"widget\" data-widget_type=\"spacer.default\">\n\t\t\t\t<div class=\"elementor-widget-container\">\n\t\t\t\t\t\t\t<div class=\"elementor-spacer\">\n\t\t\t<div class=\"elementor-spacer-inner\"><\/div>\n\t\t<\/div>\n\t\t\t\t\t\t<\/div>\n\t\t\t\t<\/div>\n\t\t\t\t<div class=\"elementor-element elementor-element-82a37d4 elementor-widget elementor-widget-heading\" data-id=\"82a37d4\" data-element_type=\"widget\" data-e-type=\"widget\" data-widget_type=\"heading.default\">\n\t\t\t\t<div class=\"elementor-widget-container\">\n\t\t\t\t\t<h3 class=\"elementor-heading-title elementor-size-default\">Certifica\u00e7\u00f5es Profissionais<\/h3>\t\t\t\t<\/div>\n\t\t\t\t<\/div>\n\t\t<div class=\"elementor-element elementor-element-6e8152d e-con-full e-flex e-con e-child\" data-id=\"6e8152d\" data-element_type=\"container\" data-e-type=\"container\">\n\t\t\t\t<div class=\"elementor-element elementor-element-df2865d elementor-widget elementor-widget-text-editor\" data-id=\"df2865d\" data-element_type=\"widget\" data-e-type=\"widget\" data-widget_type=\"text-editor.default\">\n\t\t\t\t<div class=\"elementor-widget-container\">\n\t\t\t\t\t\t\t\t\t<ul><li data-start=\"560\" data-end=\"695\"><p data-start=\"562\" data-end=\"695\"><strong data-start=\"562\" data-end=\"582\">Licen\u00e7a UEFA PRO<\/strong><br data-start=\"582\" data-end=\"585\" \/><em data-start=\"587\" data-end=\"620\">Federa\u00e7\u00e3o Portuguesa de Futebol<\/em><br data-start=\"620\" data-end=\"623\" \/>N\u00edvel m\u00e1ximo de certifica\u00e7\u00e3o para treinadores profissionais na Europa.<\/p><\/li><li data-start=\"697\" data-end=\"855\"><p data-start=\"699\" data-end=\"855\"><strong data-start=\"699\" data-end=\"729\">Dire\u00e7\u00e3o T\u00e9cnica de Futebol<\/strong><br data-start=\"729\" data-end=\"732\" \/><em data-start=\"734\" data-end=\"767\">Federa\u00e7\u00e3o Portuguesa de Futebol<\/em><br data-start=\"767\" data-end=\"770\" \/>Forma\u00e7\u00e3o especializada para a lideran\u00e7a e gest\u00e3o t\u00e9cnica de estruturas desportivas.<\/p><\/li><li data-start=\"857\" data-end=\"1025\"><p data-start=\"859\" data-end=\"1025\"><strong data-start=\"859\" data-end=\"893\">Forma\u00e7\u00e3o de Tutores de Futebol<\/strong><br data-start=\"893\" data-end=\"896\" \/><em data-start=\"898\" data-end=\"937\">Associa\u00e7\u00e3o de Futebol de Lisboa (AFL)<\/em><br data-start=\"937\" data-end=\"940\" \/>Programa direcionado para o acompanhamento e orienta\u00e7\u00e3o de treinadores em forma\u00e7\u00e3o.<\/p><\/li><li data-start=\"1027\" data-end=\"1207\"><p data-start=\"1029\" data-end=\"1207\"><strong data-start=\"1029\" data-end=\"1075\">Formador de Formadores<\/strong><br data-start=\"1075\" data-end=\"1078\" \/><em data-start=\"1080\" data-end=\"1133\">IEFP \u2013 Instituto do Emprego e Forma\u00e7\u00e3o Profissional<\/em><br data-start=\"1133\" data-end=\"1136\" \/>Certifica\u00e7\u00e3o oficial para exercer a atividade de formador em Portugal.<\/p><\/li><\/ul>\t\t\t\t\t\t\t\t<\/div>\n\t\t\t\t<\/div>\n\t\t\t\t<div class=\"elementor-element elementor-element-64c3038 elementor-widget elementor-widget-spacer\" data-id=\"64c3038\" data-element_type=\"widget\" data-e-type=\"widget\" data-widget_type=\"spacer.default\">\n\t\t\t\t<div class=\"elementor-widget-container\">\n\t\t\t\t\t\t\t<div class=\"elementor-spacer\">\n\t\t\t<div class=\"elementor-spacer-inner\"><\/div>\n\t\t<\/div>\n\t\t\t\t\t\t<\/div>\n\t\t\t\t<\/div>\n\t\t<div class=\"elementor-element elementor-element-05c99ee e-con-full e-flex e-con e-child\" data-id=\"05c99ee\" data-element_type=\"container\" data-e-type=\"container\">\n\t\t\t\t<div class=\"elementor-element elementor-element-be80403 elementor-widget elementor-widget-heading\" data-id=\"be80403\" data-element_type=\"widget\" data-e-type=\"widget\" data-widget_type=\"heading.default\">\n\t\t\t\t<div class=\"elementor-widget-container\">\n\t\t\t\t\t<h3 class=\"elementor-heading-title elementor-size-default\">Forma\u00e7\u00e3o Acad\u00e9mica<\/h3>\t\t\t\t<\/div>\n\t\t\t\t<\/div>\n\t\t\t\t<\/div>\n\t\t<div class=\"elementor-element elementor-element-989680d e-con-full e-flex e-con e-child\" data-id=\"989680d\" data-element_type=\"container\" data-e-type=\"container\">\n\t\t\t\t<div class=\"elementor-element elementor-element-740c3f0 elementor-widget elementor-widget-text-editor\" data-id=\"740c3f0\" data-element_type=\"widget\" data-e-type=\"widget\" data-widget_type=\"text-editor.default\">\n\t\t\t\t<div class=\"elementor-widget-container\">\n\t\t\t\t\t\t\t\t\t<ul>\n<li data-start=\"1244\" data-end=\"1443\">\n<p data-start=\"1246\" data-end=\"1443\"><strong data-start=\"1246\" data-end=\"1298\">Mestrado em Desporto \u2013 Especializa\u00e7\u00e3o em Futebol<\/strong><br data-start=\"1298\" data-end=\"1301\" \/><em data-start=\"1303\" data-end=\"1353\">Escola Superior de Desporto de Rio Maior (ESDRM)<\/em><br data-start=\"1353\" data-end=\"1356\" \/>Foco em metodologias de treino, an\u00e1lise de desempenho e desenvolvimento de jogadores.<\/p>\n<\/li>\n<li data-start=\"1445\" data-end=\"1623\">\n<p data-start=\"1447\" data-end=\"1623\"><strong data-start=\"1447\" data-end=\"1493\">Licenciatura em Educa\u00e7\u00e3o F\u00edsica e Desporto<\/strong><br data-start=\"1493\" data-end=\"1496\" \/><em data-start=\"1498\" data-end=\"1557\">Universidade Lus\u00f3fona de Humanidades e Tecnologias (ULHT)<\/em><br data-start=\"1557\" data-end=\"1560\" \/>Base pedag\u00f3gica e cient\u00edfica na educa\u00e7\u00e3o desportiva e motora.<\/p>\n<\/li>\n<\/ul>\t\t\t\t\t\t\t\t<\/div>\n\t\t\t\t<\/div>\n\t\t\t\t<\/div>\n\t\t\t\t<\/div>\n\t\t\t\t<\/div>\n\t\t\t\t<\/div>\n\t\t<div class=\"elementor-element elementor-element-f910111 e-con-full e-flex e-con e-child\" data-id=\"f910111\" data-element_type=\"container\" data-e-type=\"container\">\n\t\t\t\t<div class=\"elementor-element elementor-element-a735c87 elementor-widget elementor-widget-image\" data-id=\"a735c87\" data-element_type=\"widget\" data-e-type=\"widget\" data-widget_type=\"image.default\">\n\t\t\t\t<div class=\"elementor-widget-container\">\n\t\t\t\t\t\t\t\t\t\t\t\t<figure class=\"wp-caption\">\n\t\t\t\t\t\t\t\t\t\t<img fetchpriority=\"high\" decoding=\"async\" width=\"800\" height=\"504\" src=\"https:\/\/nuneshenriques.com\/wp-content\/uploads\/2025\/07\/Captura-de-ecra-2025-07-07-123840-1024x645.png\" class=\"attachment-large size-large wp-image-496\" alt=\"\" srcset=\"https:\/\/nuneshenriques.com\/wp-content\/uploads\/2025\/07\/Captura-de-ecra-2025-07-07-123840-1024x645.png 1024w, https:\/\/nuneshenriques.com\/wp-content\/uploads\/2025\/07\/Captura-de-ecra-2025-07-07-123840-300x189.png 300w, https:\/\/nuneshenriques.com\/wp-content\/uploads\/2025\/07\/Captura-de-ecra-2025-07-07-123840-768x484.png 768w, https:\/\/nuneshenriques.com\/wp-content\/uploads\/2025\/07\/Captura-de-ecra-2025-07-07-123840.png 1141w\" sizes=\"(max-width: 800px) 100vw, 800px\" \/>\t\t\t\t\t\t\t\t\t\t\t<figcaption class=\"widget-image-caption wp-caption-text\">Licen\u00e7a UEFA PRO<\/figcaption>\n\t\t\t\t\t\t\t\t\t\t<\/figure>\n\t\t\t\t\t\t\t\t\t<\/div>\n\t\t\t\t<\/div>\n\t\t\t\t<div class=\"elementor-element elementor-element-2fc44d2 elementor-widget elementor-widget-image\" data-id=\"2fc44d2\" data-element_type=\"widget\" data-e-type=\"widget\" data-widget_type=\"image.default\">\n\t\t\t\t<div class=\"elementor-widget-container\">\n\t\t\t\t\t\t\t\t\t\t\t\t<figure class=\"wp-caption\">\n\t\t\t\t\t\t\t\t\t\t<img decoding=\"async\" width=\"800\" height=\"463\" src=\"https:\/\/nuneshenriques.com\/wp-content\/uploads\/2025\/07\/IMG_0634-1024x593.jpg\" class=\"attachment-large size-large wp-image-499\" alt=\"\" srcset=\"https:\/\/nuneshenriques.com\/wp-content\/uploads\/2025\/07\/IMG_0634-1024x593.jpg 1024w, https:\/\/nuneshenriques.com\/wp-content\/uploads\/2025\/07\/IMG_0634-300x174.jpg 300w, https:\/\/nuneshenriques.com\/wp-content\/uploads\/2025\/07\/IMG_0634-768x444.jpg 768w, https:\/\/nuneshenriques.com\/wp-content\/uploads\/2025\/07\/IMG_0634.jpg 1080w\" sizes=\"(max-width: 800px) 100vw, 800px\" \/>\t\t\t\t\t\t\t\t\t\t\t<figcaption class=\"widget-image-caption wp-caption-text\">Entrevista ao Canal 11<\/figcaption>\n\t\t\t\t\t\t\t\t\t\t<\/figure>\n\t\t\t\t\t\t\t\t\t<\/div>\n\t\t\t\t<\/div>\n\t\t\t\t<div class=\"elementor-element elementor-element-c9731f7 elementor-widget elementor-widget-image\" data-id=\"c9731f7\" data-element_type=\"widget\" data-e-type=\"widget\" data-widget_type=\"image.default\">\n\t\t\t\t<div class=\"elementor-widget-container\">\n\t\t\t\t\t\t\t\t\t\t\t\t<figure class=\"wp-caption\">\n\t\t\t\t\t\t\t\t\t\t<img decoding=\"async\" width=\"550\" height=\"379\" src=\"https:\/\/nuneshenriques.com\/wp-content\/uploads\/2025\/07\/41297703_1954211997951382_1114004681383739392_n.jpg\" class=\"attachment-large size-large wp-image-498\" alt=\"\" srcset=\"https:\/\/nuneshenriques.com\/wp-content\/uploads\/2025\/07\/41297703_1954211997951382_1114004681383739392_n.jpg 550w, https:\/\/nuneshenriques.com\/wp-content\/uploads\/2025\/07\/41297703_1954211997951382_1114004681383739392_n-300x207.jpg 300w\" sizes=\"(max-width: 550px) 100vw, 550px\" \/>\t\t\t\t\t\t\t\t\t\t\t<figcaption class=\"widget-image-caption wp-caption-text\">Entrevista em Shandong, China<\/figcaption>\n\t\t\t\t\t\t\t\t\t\t<\/figure>\n\t\t\t\t\t\t\t\t\t<\/div>\n\t\t\t\t<\/div>\n\t\t\t\t<div class=\"elementor-element elementor-element-0774d92 elementor-widget elementor-widget-image\" data-id=\"0774d92\" data-element_type=\"widget\" data-e-type=\"widget\" data-widget_type=\"image.default\">\n\t\t\t\t<div class=\"elementor-widget-container\">\n\t\t\t\t\t\t\t\t\t\t\t\t<figure class=\"wp-caption\">\n\t\t\t\t\t\t\t\t\t\t<img loading=\"lazy\" decoding=\"async\" width=\"637\" height=\"401\" src=\"https:\/\/nuneshenriques.com\/wp-content\/uploads\/2025\/07\/image00040.jpeg\" class=\"attachment-large size-large wp-image-568\" alt=\"\" srcset=\"https:\/\/nuneshenriques.com\/wp-content\/uploads\/2025\/07\/image00040.jpeg 637w, https:\/\/nuneshenriques.com\/wp-content\/uploads\/2025\/07\/image00040-300x189.jpeg 300w\" sizes=\"(max-width: 637px) 100vw, 637px\" \/>\t\t\t\t\t\t\t\t\t\t\t<figcaption class=\"widget-image-caption wp-caption-text\">Entrevista para Canal Chin\u00eas, Shandong, China<\/figcaption>\n\t\t\t\t\t\t\t\t\t\t<\/figure>\n\t\t\t\t\t\t\t\t\t<\/div>\n\t\t\t\t<\/div>\n\t\t\t\t<\/div>\n\t\t\t\t\t<\/div>\n\t\t\t\t<\/div>\n\t\t<div class=\"elementor-element elementor-element-51a2cd5 e-flex e-con-boxed e-con e-parent\" data-id=\"51a2cd5\" data-element_type=\"container\" data-e-type=\"container\">\n\t\t\t\t\t<div class=\"e-con-inner\">\n\t\t\t\t<div class=\"elementor-element elementor-element-abec429 elementor-widget elementor-widget-spacer\" data-id=\"abec429\" data-element_type=\"widget\" data-e-type=\"widget\" data-widget_type=\"spacer.default\">\n\t\t\t\t<div class=\"elementor-widget-container\">\n\t\t\t\t\t\t\t<div class=\"elementor-spacer\">\n\t\t\t<div class=\"elementor-spacer-inner\"><\/div>\n\t\t<\/div>\n\t\t\t\t\t\t<\/div>\n\t\t\t\t<\/div>\n\t\t\t\t\t<\/div>\n\t\t\t\t<\/div>\n\t\t\t\t<\/div>\n\t\t","protected":false},"excerpt":{"rendered":"<p>Forma\u00e7\u00e3o Acad\u00e9mica e Profissional Certifica\u00e7\u00f5es Profissionais Licen\u00e7a UEFA PROFedera\u00e7\u00e3o Portuguesa de FutebolN\u00edvel m\u00e1ximo de certifica\u00e7\u00e3o para treinadores profissionais na Europa. Dire\u00e7\u00e3o T\u00e9cnica de FutebolFedera\u00e7\u00e3o Portuguesa de FutebolForma\u00e7\u00e3o especializada para a lideran\u00e7a e gest\u00e3o t\u00e9cnica de estruturas desportivas. Forma\u00e7\u00e3o de Tutores de FutebolAssocia\u00e7\u00e3o de Futebol de Lisboa (AFL)Programa direcionado para o acompanhamento e orienta\u00e7\u00e3o de treinadores [&hellip;]<\/p>\n","protected":false},"author":1,"featured_media":0,"parent":0,"menu_order":0,"comment_status":"closed","ping_status":"closed","template":"","meta":{"footnotes":""},"class_list":["post-171","page","type-page","status-publish","hentry"],"yoast_head":"<!-- This site is optimized with the Yoast SEO plugin v27.1.1 - https:\/\/yoast.com\/product\/yoast-seo-wordpress\/ -->\n<title>Forma\u00e7\u00e3o - Paulo Nunes Henriques<\/title>\n<meta name=\"robots\" content=\"index, follow, max-snippet:-1, max-image-preview:large, max-video-preview:-1\" \/>\n<link rel=\"canonical\" href=\"https:\/\/nuneshenriques.com\/?page_id=171\" \/>\n<meta property=\"og:locale\" content=\"en_US\" \/>\n<meta property=\"og:type\" content=\"article\" \/>\n<meta property=\"og:title\" content=\"Forma\u00e7\u00e3o - Paulo Nunes Henriques\" \/>\n<meta property=\"og:description\" content=\"Forma\u00e7\u00e3o Acad\u00e9mica e Profissional Certifica\u00e7\u00f5es Profissionais Licen\u00e7a UEFA PROFedera\u00e7\u00e3o Portuguesa de FutebolN\u00edvel m\u00e1ximo de certifica\u00e7\u00e3o para treinadores profissionais na Europa. Dire\u00e7\u00e3o T\u00e9cnica de FutebolFedera\u00e7\u00e3o Portuguesa de FutebolForma\u00e7\u00e3o especializada para a lideran\u00e7a e gest\u00e3o t\u00e9cnica de estruturas desportivas. Forma\u00e7\u00e3o de Tutores de FutebolAssocia\u00e7\u00e3o de Futebol de Lisboa (AFL)Programa direcionado para o acompanhamento e orienta\u00e7\u00e3o de treinadores [&hellip;]\" \/>\n<meta property=\"og:url\" content=\"https:\/\/nuneshenriques.com\/?page_id=171\" \/>\n<meta property=\"og:site_name\" content=\"Paulo Nunes Henriques\" \/>\n<meta property=\"article:modified_time\" content=\"2025-07-27T22:02:06+00:00\" \/>\n<meta property=\"og:image\" content=\"https:\/\/nuneshenriques.com\/wp-content\/uploads\/2025\/07\/Captura-de-ecra-2025-07-07-123840.png\" \/>\n\t<meta property=\"og:image:width\" content=\"1141\" \/>\n\t<meta property=\"og:image:height\" content=\"719\" \/>\n\t<meta property=\"og:image:type\" content=\"image\/png\" \/>\n<meta name=\"twitter:card\" content=\"summary_large_image\" \/>\n<meta name=\"twitter:label1\" content=\"Est. reading time\" \/>\n\t<meta name=\"twitter:data1\" content=\"2 minutes\" \/>\n<script type=\"application\/ld+json\" class=\"yoast-schema-graph\">{\"@context\":\"https:\/\/schema.org\",\"@graph\":[{\"@type\":\"WebPage\",\"@id\":\"https:\/\/nuneshenriques.com\/?page_id=171\",\"url\":\"https:\/\/nuneshenriques.com\/?page_id=171\",\"name\":\"Forma\u00e7\u00e3o - Paulo Nunes Henriques\",\"isPartOf\":{\"@id\":\"https:\/\/nuneshenriques.com\/#website\"},\"primaryImageOfPage\":{\"@id\":\"https:\/\/nuneshenriques.com\/?page_id=171#primaryimage\"},\"image\":{\"@id\":\"https:\/\/nuneshenriques.com\/?page_id=171#primaryimage\"},\"thumbnailUrl\":\"https:\/\/nuneshenriques.com\/wp-content\/uploads\/2025\/07\/Captura-de-ecra-2025-07-07-123840-1024x645.png\",\"datePublished\":\"2025-07-02T17:37:55+00:00\",\"dateModified\":\"2025-07-27T22:02:06+00:00\",\"breadcrumb\":{\"@id\":\"https:\/\/nuneshenriques.com\/?page_id=171#breadcrumb\"},\"inLanguage\":\"en-US\",\"potentialAction\":[{\"@type\":\"ReadAction\",\"target\":[\"https:\/\/nuneshenriques.com\/?page_id=171\"]}]},{\"@type\":\"ImageObject\",\"inLanguage\":\"en-US\",\"@id\":\"https:\/\/nuneshenriques.com\/?page_id=171#primaryimage\",\"url\":\"https:\/\/nuneshenriques.com\/wp-content\/uploads\/2025\/07\/Captura-de-ecra-2025-07-07-123840.png\",\"contentUrl\":\"https:\/\/nuneshenriques.com\/wp-content\/uploads\/2025\/07\/Captura-de-ecra-2025-07-07-123840.png\",\"width\":1141,\"height\":719},{\"@type\":\"BreadcrumbList\",\"@id\":\"https:\/\/nuneshenriques.com\/?page_id=171#breadcrumb\",\"itemListElement\":[{\"@type\":\"ListItem\",\"position\":1,\"name\":\"In\u00edcio\",\"item\":\"https:\/\/nuneshenriques.com\/\"},{\"@type\":\"ListItem\",\"position\":2,\"name\":\"Forma\u00e7\u00e3o\"}]},{\"@type\":\"WebSite\",\"@id\":\"https:\/\/nuneshenriques.com\/#website\",\"url\":\"https:\/\/nuneshenriques.com\/\",\"name\":\"Paulo Nunes Henriques\",\"description\":\"\",\"publisher\":{\"@id\":\"https:\/\/nuneshenriques.com\/#organization\"},\"potentialAction\":[{\"@type\":\"SearchAction\",\"target\":{\"@type\":\"EntryPoint\",\"urlTemplate\":\"https:\/\/nuneshenriques.com\/?s={search_term_string}\"},\"query-input\":{\"@type\":\"PropertyValueSpecification\",\"valueRequired\":true,\"valueName\":\"search_term_string\"}}],\"inLanguage\":\"en-US\"},{\"@type\":\"Organization\",\"@id\":\"https:\/\/nuneshenriques.com\/#organization\",\"name\":\"Paulo Nunes Henriques\",\"url\":\"https:\/\/nuneshenriques.com\/\",\"logo\":{\"@type\":\"ImageObject\",\"inLanguage\":\"en-US\",\"@id\":\"https:\/\/nuneshenriques.com\/#\/schema\/logo\/image\/\",\"url\":\"https:\/\/nuneshenriques.com\/wp-content\/uploads\/2025\/06\/Captura-de-ecra-2025-06-30-165710.png\",\"contentUrl\":\"https:\/\/nuneshenriques.com\/wp-content\/uploads\/2025\/06\/Captura-de-ecra-2025-06-30-165710.png\",\"width\":593,\"height\":521,\"caption\":\"Paulo Nunes Henriques\"},\"image\":{\"@id\":\"https:\/\/nuneshenriques.com\/#\/schema\/logo\/image\/\"}}]}<\/script>\n<!-- \/ Yoast SEO plugin. -->","yoast_head_json":{"title":"Forma\u00e7\u00e3o - Paulo Nunes Henriques","robots":{"index":"index","follow":"follow","max-snippet":"max-snippet:-1","max-image-preview":"max-image-preview:large","max-video-preview":"max-video-preview:-1"},"canonical":"https:\/\/nuneshenriques.com\/?page_id=171","og_locale":"en_US","og_type":"article","og_title":"Forma\u00e7\u00e3o - Paulo Nunes Henriques","og_description":"Forma\u00e7\u00e3o Acad\u00e9mica e Profissional Certifica\u00e7\u00f5es Profissionais Licen\u00e7a UEFA PROFedera\u00e7\u00e3o Portuguesa de FutebolN\u00edvel m\u00e1ximo de certifica\u00e7\u00e3o para treinadores profissionais na Europa. Dire\u00e7\u00e3o T\u00e9cnica de FutebolFedera\u00e7\u00e3o Portuguesa de FutebolForma\u00e7\u00e3o especializada para a lideran\u00e7a e gest\u00e3o t\u00e9cnica de estruturas desportivas. Forma\u00e7\u00e3o de Tutores de FutebolAssocia\u00e7\u00e3o de Futebol de Lisboa (AFL)Programa direcionado para o acompanhamento e orienta\u00e7\u00e3o de treinadores [&hellip;]","og_url":"https:\/\/nuneshenriques.com\/?page_id=171","og_site_name":"Paulo Nunes Henriques","article_modified_time":"2025-07-27T22:02:06+00:00","og_image":[{"width":1141,"height":719,"url":"https:\/\/nuneshenriques.com\/wp-content\/uploads\/2025\/07\/Captura-de-ecra-2025-07-07-123840.png","type":"image\/png"}],"twitter_card":"summary_large_image","twitter_misc":{"Est. reading time":"2 minutes"},"schema":{"@context":"https:\/\/schema.org","@graph":[{"@type":"WebPage","@id":"https:\/\/nuneshenriques.com\/?page_id=171","url":"https:\/\/nuneshenriques.com\/?page_id=171","name":"Forma\u00e7\u00e3o - Paulo Nunes Henriques","isPartOf":{"@id":"https:\/\/nuneshenriques.com\/#website"},"primaryImageOfPage":{"@id":"https:\/\/nuneshenriques.com\/?page_id=171#primaryimage"},"image":{"@id":"https:\/\/nuneshenriques.com\/?page_id=171#primaryimage"},"thumbnailUrl":"https:\/\/nuneshenriques.com\/wp-content\/uploads\/2025\/07\/Captura-de-ecra-2025-07-07-123840-1024x645.png","datePublished":"2025-07-02T17:37:55+00:00","dateModified":"2025-07-27T22:02:06+00:00","breadcrumb":{"@id":"https:\/\/nuneshenriques.com\/?page_id=171#breadcrumb"},"inLanguage":"en-US","potentialAction":[{"@type":"ReadAction","target":["https:\/\/nuneshenriques.com\/?page_id=171"]}]},{"@type":"ImageObject","inLanguage":"en-US","@id":"https:\/\/nuneshenriques.com\/?page_id=171#primaryimage","url":"https:\/\/nuneshenriques.com\/wp-content\/uploads\/2025\/07\/Captura-de-ecra-2025-07-07-123840.png","contentUrl":"https:\/\/nuneshenriques.com\/wp-content\/uploads\/2025\/07\/Captura-de-ecra-2025-07-07-123840.png","width":1141,"height":719},{"@type":"BreadcrumbList","@id":"https:\/\/nuneshenriques.com\/?page_id=171#breadcrumb","itemListElement":[{"@type":"ListItem","position":1,"name":"In\u00edcio","item":"https:\/\/nuneshenriques.com\/"},{"@type":"ListItem","position":2,"name":"Forma\u00e7\u00e3o"}]},{"@type":"WebSite","@id":"https:\/\/nuneshenriques.com\/#website","url":"https:\/\/nuneshenriques.com\/","name":"Paulo Nunes Henriques","description":"","publisher":{"@id":"https:\/\/nuneshenriques.com\/#organization"},"potentialAction":[{"@type":"SearchAction","target":{"@type":"EntryPoint","urlTemplate":"https:\/\/nuneshenriques.com\/?s={search_term_string}"},"query-input":{"@type":"PropertyValueSpecification","valueRequired":true,"valueName":"search_term_string"}}],"inLanguage":"en-US"},{"@type":"Organization","@id":"https:\/\/nuneshenriques.com\/#organization","name":"Paulo Nunes Henriques","url":"https:\/\/nuneshenriques.com\/","logo":{"@type":"ImageObject","inLanguage":"en-US","@id":"https:\/\/nuneshenriques.com\/#\/schema\/logo\/image\/","url":"https:\/\/nuneshenriques.com\/wp-content\/uploads\/2025\/06\/Captura-de-ecra-2025-06-30-165710.png","contentUrl":"https:\/\/nuneshenriques.com\/wp-content\/uploads\/2025\/06\/Captura-de-ecra-2025-06-30-165710.png","width":593,"height":521,"caption":"Paulo Nunes Henriques"},"image":{"@id":"https:\/\/nuneshenriques.com\/#\/schema\/logo\/image\/"}}]}},"_links":{"self":[{"href":"https:\/\/nuneshenriques.com\/index.php?rest_route=\/wp\/v2\/pages\/171","targetHints":{"allow":["GET"]}}],"collection":[{"href":"https:\/\/nuneshenriques.com\/index.php?rest_route=\/wp\/v2\/pages"}],"about":[{"href":"https:\/\/nuneshenriques.com\/index.php?rest_route=\/wp\/v2\/types\/page"}],"author":[{"embeddable":true,"href":"https:\/\/nuneshenriques.com\/index.php?rest_route=\/wp\/v2\/users\/1"}],"replies":[{"embeddable":true,"href":"https:\/\/nuneshenriques.com\/index.php?rest_route=%2Fwp%2Fv2%2Fcomments&post=171"}],"version-history":[{"count":35,"href":"https:\/\/nuneshenriques.com\/index.php?rest_route=\/wp\/v2\/pages\/171\/revisions"}],"predecessor-version":[{"id":571,"href":"https:\/\/nuneshenriques.com\/index.php?rest_route=\/wp\/v2\/pages\/171\/revisions\/571"}],"wp:attachment":[{"href":"https:\/\/nuneshenriques.com\/index.php?rest_route=%2Fwp%2Fv2%2Fmedia&parent=171"}],"curies":[{"name":"wp","href":"https:\/\/api.w.org\/{rel}","templated":true}]}}